{"id":1518,"date":"2018-01-29T17:46:52","date_gmt":"2018-01-29T17:46:52","guid":{"rendered":"https:\/\/grupoevita.com\/distribucion\/"},"modified":"2021-05-03T07:30:22","modified_gmt":"2021-05-03T07:30:22","slug":"distribuicao","status":"publish","type":"page","link":"https:\/\/grupoevita.com\/pt-pt\/distribuicao\/","title":{"rendered":"Distribui\u00e7\u00e3o"},"content":{"rendered":"[mk_page_section bg_image=&#8221;http:\/\/grupoevita.com\/wp-content\/uploads\/2018\/01\/cabecera-distribucion.jpg&#8221; bg_repeat=&#8221;no-repeat&#8221; bg_stretch=&#8221;true&#8221; sidebar=&#8221;sidebar-1&#8243;][vc_column width=&#8221;1\/3&#8243;]<div class=\"ult-spacer spacer-69f5897bce66b\" data-id=\"69f5897bce66b\" data-height=\"120\" data-height-mobile=\"120\" data-height-tab=\"120\" data-height-tab-portrait=\"\" data-height-mobile-landscape=\"\" style=\"clear:both;display:block;\"><\/div>[vc_row_inner visibility=&#8221;visible-dt&#8221; css=&#8221;.vc_custom_1517242925131{padding-top: 2% !important;background-color: rgba(46,142,41,0.7) !important;*background-color: rgb(46,142,41) !important;}&#8221;][vc_column_inner][vc_column_text css=&#8221;.vc_custom_1620026820317{margin-bottom: 0px !important;}&#8221;]\n<h1 class=\"blanco\" style=\"text-align: center;\">Distribui\u00e7\u00e3o<\/h1>\n[\/vc_column_text][\/vc_column_inner][\/vc_row_inner]<div class=\"ult-spacer spacer-69f5897bce690\" data-id=\"69f5897bce690\" data-height=\"100\" data-height-mobile=\"100\" data-height-tab=\"100\" data-height-tab-portrait=\"\" data-height-mobile-landscape=\"\" style=\"clear:both;display:block;\"><\/div>[\/vc_column][vc_column width=&#8221;2\/3&#8243;][\/vc_column][\/mk_page_section][mk_page_section padding_top=&#8221;40&#8243; margin_bottom=&#8221;40&#8243; sidebar=&#8221;sidebar-1&#8243;][vc_column css=&#8221;.vc_custom_1517243538226{margin-bottom: 0px !important;padding-bottom: 0px !important;}&#8221;][mk_divider style=&#8221;thin_solid&#8221; thin_single_color=&#8221;#080335&#8243; thickness=&#8221;3&#8243;][vc_column_text css=&#8221;.vc_custom_1620026830037{margin-bottom: 0px !important;}&#8221;]\n<h2>M\u00e9todo de Distribui\u00e7\u00e3o<\/h2>\n[\/vc_column_text][vc_column_text css=&#8221;.vc_custom_1620026841244{margin-bottom: 0px !important;padding-bottom: 0px !important;}&#8221;]Da Guin\u00e9 Equatorial nosso produto pode ser distribu\u00eddo para qualquer parte do mundo, Comunidade Europ\u00e9ia, \u00c1rea CEMAC, CDEAO, CE CPLP e Pa\u00edses \u00c1rabes, pois sua qualidade est\u00e1 em conformidade com todas as normas europ\u00e9ias e internacionais. No momento, nossos principais mercados s\u00e3o:[\/vc_column_text]<div class=\"ult-spacer spacer-69f5897bce6a1\" data-id=\"69f5897bce6a1\" data-height=\"20\" data-height-mobile=\"20\" data-height-tab=\"20\" data-height-tab-portrait=\"\" data-height-mobile-landscape=\"\" style=\"clear:both;display:block;\"><\/div><div class=\"smile_icon_list_wrap ult-adjust-bottom-margin  \"><ul class=\"smile_icon_list left square with_bg\"><li class=\"icon_list_item\" style=\" font-size:72px;\"><div class=\"icon_list_icon\" data-animation=\"\" data-animation-delay=\"03\" style=\"font-size:24px;border-width:1px;border-style:none;background:#ffffff;color:#2e8e29;border-color:#333333;\"><i class=\"Defaults-crosshairs\" ><\/i><\/div><div class=\"icon_description\" id=\"Info-list-wrap-8557\" style=\"font-size:24px;\"><h3 class=\"ult-responsive\"  data-ultimate-target='#Info-list-wrap-8557 h3'  data-responsive-json-new='{\"font-size\":\"desktop:16px;\",\"line-height\":\"desktop:24px;\"}'  style=\"\">CEMAC <\/h3><div class=\"icon_description_text ult-responsive\"  data-ultimate-target='#Info-list-wrap-8557 .icon_description_text'  data-responsive-json-new='{\"font-size\":\"desktop:13px;\",\"line-height\":\"desktop:18px;\"}'  style=\"\"><p>Comunidade Econ\u00f4mica e Monet\u00e1ria da \u00c1frica Central : CEMAC |<\/p>\n<p>Nesta \u00e1rea a distribui\u00e7\u00e3o \u00e9 feita por terra e por mar de Bata para: Camar\u00f5es, Gab\u00e3o, Chade, \u00c1frica Central e Congo.<\/p>\n<\/div><\/div><div class=\"icon_list_connector\"  style=\"border-color:#080535;\"><\/div><\/li><li class=\"icon_list_item\" style=\" font-size:72px;\"><div class=\"icon_list_icon\" data-animation=\"\" data-animation-delay=\"03\" style=\"font-size:24px;border-width:1px;border-style:none;background:#ffffff;color:#2e8e29;border-color:#333333;\"><i class=\"Defaults-crosshairs\" ><\/i><\/div><div class=\"icon_description\" id=\"Info-list-wrap-6826\" style=\"font-size:24px;\"><h3 class=\"ult-responsive\"  data-ultimate-target='#Info-list-wrap-6826 h3'  data-responsive-json-new='{\"font-size\":\"desktop:16px;\",\"line-height\":\"desktop:24px;\"}'  style=\"\">CDEAO<\/h3><div class=\"icon_description_text ult-responsive\"  data-ultimate-target='#Info-list-wrap-6826 .icon_description_text'  data-responsive-json-new='{\"font-size\":\"desktop:13px;\",\"line-height\":\"desktop:18px;\"}'  style=\"\"><p>Comunidade Econ\u00f4mica dos Estados da \u00c1frica Ocidental |<\/p>\n<p>Os navios partem do Porto de Bata para a \u00c1frica Ocidental, onde desembarcam no porto de Lome e de l\u00e1 para: Mali, Burkina Faso, Benin, N\u00edger e Costa do Marfim.<\/p>\n<\/div><\/div><div class=\"icon_list_connector\"  style=\"border-color:#080535;\"><\/div><\/li><li class=\"icon_list_item\" style=\" font-size:72px;\"><div class=\"icon_list_icon\" data-animation=\"\" data-animation-delay=\"03\" style=\"font-size:24px;border-width:1px;border-style:none;background:#ffffff;color:#2e8e29;border-color:#333333;\"><i class=\"Defaults-crosshairs\" ><\/i><\/div><div class=\"icon_description\" id=\"Info-list-wrap-8839\" style=\"font-size:24px;\"><h3 class=\"ult-responsive\"  data-ultimate-target='#Info-list-wrap-8839 h3'  data-responsive-json-new='{\"font-size\":\"desktop:16px;\",\"line-height\":\"desktop:24px;\"}'  style=\"\">CE CPLP<\/h3><div class=\"icon_description_text ult-responsive\"  data-ultimate-target='#Info-list-wrap-8839 .icon_description_text'  data-responsive-json-new='{\"font-size\":\"desktop:13px;\",\"line-height\":\"desktop:18px;\"}'  style=\"\"><p>Confedera\u00e7\u00e3o Empresarial da Comunidade dos Pa\u00edses de L\u00edngua Portuguesa (CPLP). |<\/p>\n<p>Nesta \u00e1rea a distribui\u00e7\u00e3o \u00e9 por mar desde o porto de Bata at\u00e9: Angola, Guin\u00e9 Bissau, Cabo Verde, Portugal, S\u00e3o Tom\u00e9 e Pr\u00edncipe, Mo\u00e7ambique, Brasil e Timor Leste.<\/p>\n<\/div><\/div><div class=\"icon_list_connector\"  style=\"border-color:#080535;\"><\/div><\/li><\/ul><\/div>[\/vc_column][\/mk_page_section][mk_page_section full_width=&#8221;true&#8221; sidebar=&#8221;sidebar-1&#8243;][vc_column width=&#8221;1\/2&#8243; css=&#8221;.vc_custom_1518083464721{padding-right: 0px !important;padding-left: 0px !important;}&#8221;]<div class=\"ult-new-ib ult-ib-effect-style11  ult-ib-resp ult-ib2-min-height  vc_custom_1620026913669\" data-min-width=\"768\" data-max-width=\"900\" style=\"background:#2e8e29; opacity:0; \" data-opacity=\"0.5\" data-hover-opacity=\"0.8\"  data-min-height=\"340\" ><img decoding=\"async\" class=\"ult-new-ib-img\" style=\"opacity:0.5;\" alt=\"null\" src=\"https:\/\/grupoevita.com\/wp-content\/uploads\/2018\/02\/camion-evita.jpg\"  data-min-height=\"340\"   \/><div id=\"interactive-banner-wrap-7212\" class=\"ult-new-ib-desc\" style=\"\"><h2 class=\"ult-new-ib-title ult-responsive\"  data-ultimate-target='#interactive-banner-wrap-7212 .ult-new-ib-title'  data-responsive-json-new='{\"font-size\":\"desktop:20px;\",\"line-height\":\"\"}'  style=\"font-weight:normal;\">Rota por Estrada<\/h2><div class=\"ult-new-ib-content ult-responsive\"  data-ultimate-target='#interactive-banner-wrap-7212 .ult-new-ib-content'  data-responsive-json-new='{\"font-size\":\"\",\"line-height\":\"\"}'  style=\"font-weight:normal;\"><p><\/p><\/div><\/div><a class=\"ult-new-ib-link\"    ><\/a><\/div><script type=\"text\/javascript\">\n\t\t\t(function($){\n\t\t\t\t$(document).ready(function(){\n\t\t\t\t\t$(\".ult-new-ib\").css(\"opacity\",\"1\");\n\t\t\t\t});\n\t\t\t})(jQuery);\n\t\t\t<\/script>[\/vc_column][vc_column width=&#8221;1\/2&#8243; css=&#8221;.vc_custom_1518083666873{padding-right: 0px !important;padding-left: 0px !important;}&#8221;]<div class=\"ult-new-ib ult-ib-effect-style11  ult-ib-resp ult-ib2-min-height  vc_custom_1620026919669\" data-min-width=\"768\" data-max-width=\"900\" style=\"background:#080335; opacity:0; \" data-opacity=\"0.5\" data-hover-opacity=\"0.8\"  data-min-height=\"340\" ><img decoding=\"async\" class=\"ult-new-ib-img\" style=\"opacity:0.5;\" alt=\"null\" src=\"https:\/\/grupoevita.com\/wp-content\/uploads\/2018\/02\/barco-evita.jpg\"  data-min-height=\"340\"   \/><div id=\"interactive-banner-wrap-2531\" class=\"ult-new-ib-desc\" style=\"\"><h2 class=\"ult-new-ib-title ult-responsive\"  data-ultimate-target='#interactive-banner-wrap-2531 .ult-new-ib-title'  data-responsive-json-new='{\"font-size\":\"desktop:20px;\",\"line-height\":\"\"}'  style=\"font-weight:normal;\">Rota por Barco<\/h2><div class=\"ult-new-ib-content ult-responsive\"  data-ultimate-target='#interactive-banner-wrap-2531 .ult-new-ib-content'  data-responsive-json-new='{\"font-size\":\"\",\"line-height\":\"\"}'  style=\"font-weight:normal;\"><p><\/p><\/div><\/div><a class=\"ult-new-ib-link\"    ><\/a><\/div><script type=\"text\/javascript\">\n\t\t\t(function($){\n\t\t\t\t$(document).ready(function(){\n\t\t\t\t\t$(\".ult-new-ib\").css(\"opacity\",\"1\");\n\t\t\t\t});\n\t\t\t})(jQuery);\n\t\t\t<\/script>[\/vc_column][\/mk_page_section][mk_page_section bg_stretch=&#8221;true&#8221; padding_bottom=&#8221;20&#8243; sidebar=&#8221;sidebar-1&#8243;][vc_column][mk_divider style=&#8221;thin_solid&#8221; thin_single_color=&#8221;#080335&#8243; thickness=&#8221;3&#8243;][\/vc_column][vc_column width=&#8221;1\/2&#8243;]<div class=\"ult-spacer spacer-69f5897bcf769\" data-id=\"69f5897bcf769\" data-height=\"20\" data-height-mobile=\"20\" data-height-tab=\"20\" data-height-tab-portrait=\"\" data-height-mobile-landscape=\"\" style=\"clear:both;display:block;\"><\/div>[vc_column_text css=&#8221;.vc_custom_1620026932204{margin-bottom: 0px !important;}&#8221;]\n<h3>Empresa em Expans\u00e3o Total<\/h3>\n[\/vc_column_text]<div class=\"ult-spacer spacer-69f5897bcf77a\" data-id=\"69f5897bcf77a\" data-height=\"30\" data-height-mobile=\"30\" data-height-tab=\"30\" data-height-tab-portrait=\"\" data-height-mobile-landscape=\"\" style=\"clear:both;display:block;\"><\/div>[vc_row_inner][vc_column_inner width=&#8221;2\/4&#8243;][vc_column_text css=&#8221;.vc_custom_1620026955436{margin-bottom: 0px !important;}&#8221;]<strong><img loading=\"lazy\" decoding=\"async\" class=\"wp-image-592 size-full alignleft\" src=\"http:\/\/grupoevita.com\/wp-content\/uploads\/2018\/02\/cemac.jpg\" alt=\"\" width=\"70\" height=\"70\" \/><span style=\"color: #080335;\">Rota de Distribui\u00e7\u00e3o CEMAC<\/span><\/strong>[\/vc_column_text][\/vc_column_inner][vc_column_inner width=&#8221;1\/4&#8243;][vc_icon icon_fontawesome=&#8221;fa fa-ship&#8221; color=&#8221;custom&#8221; size=&#8221;lg&#8221; align=&#8221;center&#8221; custom_color=&#8221;#2e8e29&#8243;][\/vc_column_inner][vc_column_inner width=&#8221;1\/4&#8243;][vc_icon icon_fontawesome=&#8221;fa fa-truck&#8221; color=&#8221;custom&#8221; size=&#8221;lg&#8221; align=&#8221;center&#8221; custom_color=&#8221;#2e8e29&#8243;][\/vc_column_inner][\/vc_row_inner][vc_row_inner][vc_column_inner width=&#8221;2\/4&#8243;][vc_column_text css=&#8221;.vc_custom_1620026963837{margin-bottom: 0px !important;}&#8221;]<strong><img loading=\"lazy\" decoding=\"async\" class=\"wp-image-587 size-full alignleft\" src=\"http:\/\/grupoevita.com\/wp-content\/uploads\/2018\/02\/cedeao.jpg\" alt=\"\" width=\"70\" height=\"70\" \/><span style=\"color: #080335;\">Rota de Distribui\u00e7\u00e3o CDEAO<\/span><\/strong>[\/vc_column_text][\/vc_column_inner][vc_column_inner width=&#8221;1\/4&#8243;][vc_icon icon_fontawesome=&#8221;fa fa-ship&#8221; color=&#8221;custom&#8221; size=&#8221;lg&#8221; align=&#8221;center&#8221; custom_color=&#8221;#2e8e29&#8243;][\/vc_column_inner][vc_column_inner width=&#8221;1\/4&#8243;][vc_icon icon_fontawesome=&#8221;fa fa-truck&#8221; color=&#8221;custom&#8221; size=&#8221;lg&#8221; align=&#8221;center&#8221; custom_color=&#8221;#2e8e29&#8243;][\/vc_column_inner][\/vc_row_inner][vc_row_inner][vc_column_inner width=&#8221;2\/4&#8243;][vc_column_text css=&#8221;.vc_custom_1620026975510{margin-bottom: 0px !important;}&#8221;]<strong><img loading=\"lazy\" decoding=\"async\" class=\"wp-image-596 size-full alignleft\" src=\"http:\/\/grupoevita.com\/wp-content\/uploads\/2018\/02\/ce-cplp.jpg\" alt=\"\" width=\"70\" height=\"70\" \/><span style=\"color: #080335;\">Rota de Distribui\u00e7\u00e3o CE CPLP<\/span><\/strong>[\/vc_column_text][\/vc_column_inner][vc_column_inner width=&#8221;1\/4&#8243;][vc_icon icon_fontawesome=&#8221;fa fa-ship&#8221; color=&#8221;custom&#8221; size=&#8221;lg&#8221; align=&#8221;center&#8221; custom_color=&#8221;#2e8e29&#8243;][\/vc_column_inner][vc_column_inner width=&#8221;1\/4&#8243;][vc_icon icon_fontawesome=&#8221;fa fa-truck&#8221; color=&#8221;custom&#8221; size=&#8221;lg&#8221; align=&#8221;center&#8221; custom_color=&#8221;#2e8e29&#8243;][\/vc_column_inner][\/vc_row_inner][\/vc_column][vc_column width=&#8221;1\/2&#8243;]<div class=\"ult-spacer spacer-69f5897bcf788\" data-id=\"69f5897bcf788\" data-height=\"20\" data-height-mobile=\"20\" data-height-tab=\"20\" data-height-tab-portrait=\"\" data-height-mobile-landscape=\"\" style=\"clear:both;display:block;\"><\/div>[mk_image src=&#8221;http:\/\/grupoevita.com\/wp-content\/uploads\/2018\/02\/map-distribucion-new.jpg&#8221; image_size=&#8221;full&#8221; align=&#8221;center&#8221;][\/vc_column][\/mk_page_section]\n","protected":false},"excerpt":{"rendered":"<p>[mk_page_section bg_image=&#8221;http:\/\/grupoevita.com\/wp-content\/uploads\/2018\/01\/cabecera-distribucion.jpg&#8221; bg_repeat=&#8221;no-repeat&#8221; bg_stretch=&#8221;true&#8221; sidebar=&#8221;sidebar-1&#8243;][vc_column width=&#8221;1\/3&#8243;][vc_row_inner visibility=&#8221;visible-dt&#8221; css=&#8221;.vc_custom_1517242925131{padding-top: 2% !important;background-color: rgba(46,142,41,0.7) !important;*background-color: rgb(46,142,41) !important;}&#8221;][vc_column_inner][vc_column_text css=&#8221;.vc_custom_1620026820317{margin-bottom: 0px !important;}&#8221;] Distribui\u00e7\u00e3o [\/vc_column_text][\/vc_column_inner][\/vc_row_inner][\/vc_column][vc_column width=&#8221;2\/3&#8243;][\/vc_column][\/mk_page_section][mk_page_section padding_top=&#8221;40&#8243; margin_bottom=&#8221;40&#8243; sidebar=&#8221;sidebar-1&#8243;][vc_column css=&#8221;.vc_custom_1517243538226{margin-bottom: 0px !important;padding-bottom: 0px !important;}&#8221;][mk_divider style=&#8221;thin_solid&#8221; thin_single_color=&#8221;#080335&#8243; thickness=&#8221;3&#8243;][vc_column_text css=&#8221;.vc_custom_1620026830037{margin-bottom: 0px !important;}&#8221;] M\u00e9todo de Distribui\u00e7\u00e3o [\/vc_column_text][vc_column_text css=&#8221;.vc_custom_1620026841244{margin-bottom: 0px !important;padding-bottom: 0px !important;}&#8221;]Da Guin\u00e9 Equatorial nosso produto pode ser distribu\u00eddo para qualquer parte do mundo, [&hellip;]<\/p>\n","protected":false},"author":1,"featured_media":0,"parent":0,"menu_order":0,"comment_status":"closed","ping_status":"closed","template":"","meta":{"footnotes":""},"class_list":["post-1518","page","type-page","status-publish","hentry"],"_links":{"self":[{"href":"https:\/\/grupoevita.com\/pt-pt\/wp-json\/wp\/v2\/pages\/1518","targetHints":{"allow":["GET"]}}],"collection":[{"href":"https:\/\/grupoevita.com\/pt-pt\/wp-json\/wp\/v2\/pages"}],"about":[{"href":"https:\/\/grupoevita.com\/pt-pt\/wp-json\/wp\/v2\/types\/page"}],"author":[{"embeddable":true,"href":"https:\/\/grupoevita.com\/pt-pt\/wp-json\/wp\/v2\/users\/1"}],"replies":[{"embeddable":true,"href":"https:\/\/grupoevita.com\/pt-pt\/wp-json\/wp\/v2\/comments?post=1518"}],"version-history":[{"count":2,"href":"https:\/\/grupoevita.com\/pt-pt\/wp-json\/wp\/v2\/pages\/1518\/revisions"}],"predecessor-version":[{"id":1521,"href":"https:\/\/grupoevita.com\/pt-pt\/wp-json\/wp\/v2\/pages\/1518\/revisions\/1521"}],"wp:attachment":[{"href":"https:\/\/grupoevita.com\/pt-pt\/wp-json\/wp\/v2\/media?parent=1518"}],"curies":[{"name":"wp","href":"https:\/\/api.w.org\/{rel}","templated":true}]}}