{"id":880,"date":"2018-02-02T13:58:34","date_gmt":"2018-02-02T13:58:34","guid":{"rendered":"http:\/\/grupoevita.com\/contacto\/"},"modified":"2018-02-19T16:12:14","modified_gmt":"2018-02-19T16:12:14","slug":"contacto","status":"publish","type":"page","link":"https:\/\/grupoevita.com\/fr\/contacto\/","title":{"rendered":"Contact"},"content":{"rendered":"[mk_page_section bg_image=\u00a0\u00bbhttp:\/\/grupoevita.com\/wp-content\/uploads\/2018\/01\/cabecera-distribucion.jpg\u00a0\u00bb bg_repeat=\u00a0\u00bbno-repeat\u00a0\u00bb bg_stretch=\u00a0\u00bbtrue\u00a0\u00bb sidebar=\u00a0\u00bbsidebar-1&Prime;][vc_column width=\u00a0\u00bb1\/3&Prime;]<div class=\"ult-spacer spacer-69f17b923423d\" data-id=\"69f17b923423d\" data-height=\"120\" data-height-mobile=\"120\" data-height-tab=\"120\" data-height-tab-portrait=\"\" data-height-mobile-landscape=\"\" style=\"clear:both;display:block;\"><\/div>[vc_row_inner visibility=\u00a0\u00bbvisible-dt\u00a0\u00bb css=\u00a0\u00bb.vc_custom_1517242925131{padding-top: 2% !important;background-color: rgba(46,142,41,0.7) !important;*background-color: rgb(46,142,41) !important;}\u00a0\u00bb][vc_column_inner][vc_column_text css=\u00a0\u00bb.vc_custom_1519056565636{margin-bottom: 0px !important;}\u00a0\u00bb]\n<h1 class=\"blanco\" style=\"text-align: center;\">Contact<\/h1>\n[\/vc_column_text][\/vc_column_inner][\/vc_row_inner]<div class=\"ult-spacer spacer-69f17b923425b\" data-id=\"69f17b923425b\" data-height=\"100\" data-height-mobile=\"100\" data-height-tab=\"100\" data-height-tab-portrait=\"\" data-height-mobile-landscape=\"\" style=\"clear:both;display:block;\"><\/div>[\/vc_column][vc_column width=\u00a0\u00bb2\/3&Prime;][\/vc_column][\/mk_page_section][mk_page_section padding_top=\u00a0\u00bb40&Prime; sidebar=\u00a0\u00bbsidebar-1&Prime;][vc_column width=\u00a0\u00bb1\/2&Prime; css=\u00a0\u00bb.vc_custom_1517243538226{margin-bottom: 0px !important;padding-bottom: 0px !important;}\u00a0\u00bb][mk_divider style=\u00a0\u00bbthin_solid\u00a0\u00bb thin_single_color=\u00a0\u00bb#080335&Prime; thickness=\u00a0\u00bb3&Prime;][vc_column_text css=\u00a0\u00bb.vc_custom_1519056576340{margin-bottom: 0px !important;}\u00a0\u00bb]\n<h2>Demandez des Informations<\/h2>\n[\/vc_column_text]<div class=\"ult-spacer spacer-69f17b9234268\" data-id=\"69f17b9234268\" data-height=\"20\" data-height-mobile=\"20\" data-height-tab=\"20\" data-height-tab-portrait=\"\" data-height-mobile-landscape=\"\" style=\"clear:both;display:block;\"><\/div>[mk_icon_box icon=\u00a0\u00bbmk-icon-phone\u00a0\u00bb title=\u00a0\u00bbT\u00e9l\u00e9phone\u00a0\u00bb icon_color=\u00a0\u00bb#080535&Prime; icon_circle_color=\u00a0\u00bb\u00a0\u00bb title_color=\u00a0\u00bb#080535&Prime;]<strong><a href=\"tel:00240.222595301\">00240.222595301<\/a><\/strong>[\/mk_icon_box][mk_icon_box icon=\u00a0\u00bbmk-moon-mail-send\u00a0\u00bb title=\u00a0\u00bb\u00c9mail \u00a0\u00bb icon_color=\u00a0\u00bb#080535&Prime; icon_circle_color=\u00a0\u00bb\u00a0\u00bb title_color=\u00a0\u00bb#080535&Prime;]<strong><a href=\"mailto:info@grupoevita.com\">info@grupoevita.com<\/a><\/strong>[\/mk_icon_box][mk_icon_box icon=\u00a0\u00bbmk-icon-map-marker\u00a0\u00bb title=\u00a0\u00bbAdresse\u00a0\u00bb icon_color=\u00a0\u00bb#080535&Prime; icon_circle_color=\u00a0\u00bb\u00a0\u00bb title_color=\u00a0\u00bb#080535&Prime;]Autoroute Bata- Mbini, Km 8, Ntobo Yembiang<br \/>\nBata- R\u00e9publique de la Guin\u00e9e \u00c9quatoriale[\/mk_icon_box][\/vc_column][vc_column width=\u00a0\u00bb1\/2&Prime;][vc_column_text css=\u00a0\u00bb.vc_custom_1519056625900{margin-bottom: 0px !important;}\u00a0\u00bb]\n<p><center>\n<div class=\"wpcf7 no-js\" id=\"wpcf7-f837-o1\" lang=\"es-ES\" dir=\"ltr\">\n<div class=\"screen-reader-response\"><p role=\"status\" aria-live=\"polite\" aria-atomic=\"true\"><\/p> <ul><\/ul><\/div>\n<form action=\"\/fr\/wp-json\/wp\/v2\/pages\/880#wpcf7-f837-o1\" method=\"post\" class=\"wpcf7-form init\" aria-label=\"Contact form\" novalidate=\"novalidate\" data-status=\"init\">\n<div style=\"display: none;\">\n<input type=\"hidden\" name=\"_wpcf7\" value=\"837\" \/>\n<input type=\"hidden\" name=\"_wpcf7_version\" value=\"5.8\" \/>\n<input type=\"hidden\" name=\"_wpcf7_locale\" value=\"es_ES\" \/>\n<input type=\"hidden\" name=\"_wpcf7_unit_tag\" value=\"wpcf7-f837-o1\" \/>\n<input type=\"hidden\" name=\"_wpcf7_container_post\" value=\"0\" \/>\n<input type=\"hidden\" name=\"_wpcf7_posted_data_hash\" value=\"\" \/>\n<\/div>\n<p><span class=\"wpcf7-form-control-wrap\" data-name=\"your-name\"><input size=\"40\" class=\"wpcf7-form-control wpcf7-text\" aria-invalid=\"false\" placeholder=\"Nom\" value=\"\" type=\"text\" name=\"your-name\" \/><\/span><br \/>\n<span class=\"wpcf7-form-control-wrap\" data-name=\"your-email\"><input size=\"40\" class=\"wpcf7-form-control wpcf7-email wpcf7-text wpcf7-validates-as-email\" aria-invalid=\"false\" placeholder=\"\u00c9mail\" value=\"\" type=\"email\" name=\"your-email\" \/><\/span><br \/>\n<span class=\"wpcf7-form-control-wrap\" data-name=\"your-phone\"><input size=\"40\" class=\"wpcf7-form-control wpcf7-tel wpcf7-text wpcf7-validates-as-tel\" aria-invalid=\"false\" placeholder=\"T\u00e9l\u00e9phone\" value=\"\" type=\"tel\" name=\"your-phone\" \/><\/span><br \/>\n<span class=\"wpcf7-form-control-wrap\" data-name=\"your-message\"><textarea cols=\"40\" rows=\"10\" class=\"wpcf7-form-control wpcf7-textarea\" aria-invalid=\"false\" placeholder=\"Message\" name=\"your-message\"><\/textarea><\/span>\n<\/p>\n<p><input class=\"wpcf7-form-control wpcf7-submit has-spinner boton\" type=\"submit\" value=\"Envoyer\" \/>\n<\/p><div class=\"wpcf7-response-output\" aria-hidden=\"true\"><\/div>\n<\/form>\n<\/div>\n<\/center>[\/vc_column_text][\/vc_column][\/mk_page_section]\n","protected":false},"excerpt":{"rendered":"<p>[mk_page_section bg_image=\u00a0\u00bbhttp:\/\/grupoevita.com\/wp-content\/uploads\/2018\/01\/cabecera-distribucion.jpg\u00a0\u00bb bg_repeat=\u00a0\u00bbno-repeat\u00a0\u00bb bg_stretch=\u00a0\u00bbtrue\u00a0\u00bb sidebar=\u00a0\u00bbsidebar-1&Prime;][vc_column width=\u00a0\u00bb1\/3&Prime;][vc_row_inner visibility=\u00a0\u00bbvisible-dt\u00a0\u00bb css=\u00a0\u00bb.vc_custom_1517242925131{padding-top: 2% !important;background-color: rgba(46,142,41,0.7) !important;*background-color: rgb(46,142,41) !important;}\u00a0\u00bb][vc_column_inner][vc_column_text css=\u00a0\u00bb.vc_custom_1519056565636{margin-bottom: 0px !important;}\u00a0\u00bb] Contact [\/vc_column_text][\/vc_column_inner][\/vc_row_inner][\/vc_column][vc_column width=\u00a0\u00bb2\/3&Prime;][\/vc_column][\/mk_page_section][mk_page_section padding_top=\u00a0\u00bb40&Prime; sidebar=\u00a0\u00bbsidebar-1&Prime;][vc_column width=\u00a0\u00bb1\/2&Prime; css=\u00a0\u00bb.vc_custom_1517243538226{margin-bottom: 0px !important;padding-bottom: 0px !important;}\u00a0\u00bb][mk_divider style=\u00a0\u00bbthin_solid\u00a0\u00bb thin_single_color=\u00a0\u00bb#080335&Prime; thickness=\u00a0\u00bb3&Prime;][vc_column_text css=\u00a0\u00bb.vc_custom_1519056576340{margin-bottom: 0px !important;}\u00a0\u00bb] Demandez des Informations [\/vc_column_text][mk_icon_box icon=\u00a0\u00bbmk-icon-phone\u00a0\u00bb title=\u00a0\u00bbT\u00e9l\u00e9phone\u00a0\u00bb icon_color=\u00a0\u00bb#080535&Prime; icon_circle_color=\u00a0\u00bb\u00a0\u00bb title_color=\u00a0\u00bb#080535&Prime;]00240.222595301[\/mk_icon_box][mk_icon_box icon=\u00a0\u00bbmk-moon-mail-send\u00a0\u00bb title=\u00a0\u00bb\u00c9mail \u00a0\u00bb icon_color=\u00a0\u00bb#080535&Prime; icon_circle_color=\u00a0\u00bb\u00a0\u00bb title_color=\u00a0\u00bb#080535&Prime;]info@grupoevita.com[\/mk_icon_box][mk_icon_box icon=\u00a0\u00bbmk-icon-map-marker\u00a0\u00bb title=\u00a0\u00bbAdresse\u00a0\u00bb icon_color=\u00a0\u00bb#080535&Prime; icon_circle_color=\u00a0\u00bb\u00a0\u00bb title_color=\u00a0\u00bb#080535&Prime;]Autoroute Bata- [&hellip;]<\/p>\n","protected":false},"author":1,"featured_media":0,"parent":0,"menu_order":0,"comment_status":"closed","ping_status":"closed","template":"","meta":{"footnotes":""},"class_list":["post-880","page","type-page","status-publish","hentry"],"_links":{"self":[{"href":"https:\/\/grupoevita.com\/fr\/wp-json\/wp\/v2\/pages\/880","targetHints":{"allow":["GET"]}}],"collection":[{"href":"https:\/\/grupoevita.com\/fr\/wp-json\/wp\/v2\/pages"}],"about":[{"href":"https:\/\/grupoevita.com\/fr\/wp-json\/wp\/v2\/types\/page"}],"author":[{"embeddable":true,"href":"https:\/\/grupoevita.com\/fr\/wp-json\/wp\/v2\/users\/1"}],"replies":[{"embeddable":true,"href":"https:\/\/grupoevita.com\/fr\/wp-json\/wp\/v2\/comments?post=880"}],"version-history":[{"count":2,"href":"https:\/\/grupoevita.com\/fr\/wp-json\/wp\/v2\/pages\/880\/revisions"}],"predecessor-version":[{"id":882,"href":"https:\/\/grupoevita.com\/fr\/wp-json\/wp\/v2\/pages\/880\/revisions\/882"}],"wp:attachment":[{"href":"https:\/\/grupoevita.com\/fr\/wp-json\/wp\/v2\/media?parent=880"}],"curies":[{"name":"wp","href":"https:\/\/api.w.org\/{rel}","templated":true}]}}