{"id":875,"date":"2018-01-29T17:46:52","date_gmt":"2018-01-29T17:46:52","guid":{"rendered":"http:\/\/grupoevita.com\/distribucion\/"},"modified":"2018-03-21T15:56:50","modified_gmt":"2018-03-21T15:56:50","slug":"distribution","status":"publish","type":"page","link":"https:\/\/grupoevita.com\/fr\/distribution\/","title":{"rendered":"Distribution"},"content":{"rendered":"[mk_page_section bg_image=\u00a0\u00bbhttp:\/\/grupoevita.com\/wp-content\/uploads\/2018\/01\/cabecera-distribucion.jpg\u00a0\u00bb bg_repeat=\u00a0\u00bbno-repeat\u00a0\u00bb bg_stretch=\u00a0\u00bbtrue\u00a0\u00bb sidebar=\u00a0\u00bbsidebar-1&Prime;][vc_column width=\u00a0\u00bb1\/3&Prime;]<div class=\"ult-spacer spacer-69f43f04874fc\" data-id=\"69f43f04874fc\" data-height=\"120\" data-height-mobile=\"120\" data-height-tab=\"120\" data-height-tab-portrait=\"\" data-height-mobile-landscape=\"\" style=\"clear:both;display:block;\"><\/div>[vc_row_inner visibility=\u00a0\u00bbvisible-dt\u00a0\u00bb css=\u00a0\u00bb.vc_custom_1517242925131{padding-top: 2% !important;background-color: rgba(46,142,41,0.7) !important;*background-color: rgb(46,142,41) !important;}\u00a0\u00bb][vc_column_inner][vc_column_text css=\u00a0\u00bb.vc_custom_1519056250181{margin-bottom: 0px !important;}\u00a0\u00bb]\n<h1 class=\"blanco\" style=\"text-align: center;\">Distribution<\/h1>\n[\/vc_column_text][\/vc_column_inner][\/vc_row_inner]<div class=\"ult-spacer spacer-69f43f048751b\" data-id=\"69f43f048751b\" data-height=\"100\" data-height-mobile=\"100\" data-height-tab=\"100\" data-height-tab-portrait=\"\" data-height-mobile-landscape=\"\" style=\"clear:both;display:block;\"><\/div>[\/vc_column][vc_column width=\u00a0\u00bb2\/3&Prime;][\/vc_column][\/mk_page_section][mk_page_section padding_top=\u00a0\u00bb40&Prime; margin_bottom=\u00a0\u00bb40&Prime; sidebar=\u00a0\u00bbsidebar-1&Prime;][vc_column css=\u00a0\u00bb.vc_custom_1517243538226{margin-bottom: 0px !important;padding-bottom: 0px !important;}\u00a0\u00bb][mk_divider style=\u00a0\u00bbthin_solid\u00a0\u00bb thin_single_color=\u00a0\u00bb#080335&Prime; thickness=\u00a0\u00bb3&Prime;][vc_column_text css=\u00a0\u00bb.vc_custom_1519056259300{margin-bottom: 0px !important;}\u00a0\u00bb]\n<h2>M\u00e9thode de Distribution<\/h2>\n[\/vc_column_text][vc_column_text css=\u00a0\u00bb.vc_custom_1521647808151{margin-bottom: 0px !important;padding-bottom: 0px !important;}\u00a0\u00bb]De la Guin\u00e9e \u00c9quatoriale notre produit peut \u00eatre distribu\u00e9 dans le monde, Communaut\u00e9 europ\u00e9enne, zone CEMAC, CDEAO, CE CPLP et pays arabes, car sa qualit\u00e9 est conforme \u00e0 toutes les normes europ\u00e9ennes et internationales. Actuellement, nos principaux march\u00e9s sont:[\/vc_column_text]<div class=\"ult-spacer spacer-69f43f0487536\" data-id=\"69f43f0487536\" data-height=\"20\" data-height-mobile=\"20\" data-height-tab=\"20\" data-height-tab-portrait=\"\" data-height-mobile-landscape=\"\" style=\"clear:both;display:block;\"><\/div><div class=\"smile_icon_list_wrap ult-adjust-bottom-margin  \"><ul class=\"smile_icon_list left square with_bg\"><li class=\"icon_list_item\" style=\" font-size:72px;\"><div class=\"icon_list_icon\" data-animation=\"\" data-animation-delay=\"03\" style=\"font-size:24px;border-width:1px;border-style:none;background:#ffffff;color:#2e8e29;border-color:#333333;\"><i class=\"Defaults-crosshairs\" ><\/i><\/div><div class=\"icon_description\" id=\"Info-list-wrap-9038\" style=\"font-size:24px;\"><h3 class=\"ult-responsive\"  data-ultimate-target='#Info-list-wrap-9038 h3'  data-responsive-json-new='{\"font-size\":\"desktop:16px;\",\"line-height\":\"desktop:24px;\"}'  style=\"\">CEMAC <\/h3><div class=\"icon_description_text ult-responsive\"  data-ultimate-target='#Info-list-wrap-9038 .icon_description_text'  data-responsive-json-new='{\"font-size\":\"desktop:13px;\",\"line-height\":\"desktop:18px;\"}'  style=\"\"><p>Communaut\u00e9 \u00e9conomique et mon\u00e9taire de l&rsquo;Afrique Centrale |<\/p>\n<p>Dans cette zone, la distribution se fait par terre et par mer de Bata vers le Cameroun, le Gabon, le Chad, l\u2019 Afrique centrale et le Congo.<\/p>\n<\/div><\/div><div class=\"icon_list_connector\"  style=\"border-color:#080535;\"><\/div><\/li><li class=\"icon_list_item\" style=\" font-size:72px;\"><div class=\"icon_list_icon\" data-animation=\"\" data-animation-delay=\"03\" style=\"font-size:24px;border-width:1px;border-style:none;background:#ffffff;color:#2e8e29;border-color:#333333;\"><i class=\"Defaults-crosshairs\" ><\/i><\/div><div class=\"icon_description\" id=\"Info-list-wrap-3382\" style=\"font-size:24px;\"><h3 class=\"ult-responsive\"  data-ultimate-target='#Info-list-wrap-3382 h3'  data-responsive-json-new='{\"font-size\":\"desktop:16px;\",\"line-height\":\"desktop:24px;\"}'  style=\"\">CDEAO<\/h3><div class=\"icon_description_text ult-responsive\"  data-ultimate-target='#Info-list-wrap-3382 .icon_description_text'  data-responsive-json-new='{\"font-size\":\"desktop:13px;\",\"line-height\":\"desktop:18px;\"}'  style=\"\"><p>Communaut\u00e9 des Etats de l&rsquo;Afrique de l&rsquo;Ouest |<\/p>\n<p>Les bateaux partent du port de Bata pour l&rsquo;Afrique de l&rsquo;Ouest, o\u00f9 ils d\u00e9barquent dans le port de Lom\u00e9 et de l\u00e0 vers le Mali, la Burkina Faso, le B\u00e9nin, le Niger et la C\u00f4te d&rsquo;Ivoire<\/p>\n<\/div><\/div><div class=\"icon_list_connector\"  style=\"border-color:#080535;\"><\/div><\/li><li class=\"icon_list_item\" style=\" font-size:72px;\"><div class=\"icon_list_icon\" data-animation=\"\" data-animation-delay=\"03\" style=\"font-size:24px;border-width:1px;border-style:none;background:#ffffff;color:#2e8e29;border-color:#333333;\"><i class=\"Defaults-crosshairs\" ><\/i><\/div><div class=\"icon_description\" id=\"Info-list-wrap-3426\" style=\"font-size:24px;\"><h3 class=\"ult-responsive\"  data-ultimate-target='#Info-list-wrap-3426 h3'  data-responsive-json-new='{\"font-size\":\"desktop:16px;\",\"line-height\":\"desktop:24px;\"}'  style=\"\">CE CPLP<\/h3><div class=\"icon_description_text ult-responsive\"  data-ultimate-target='#Info-list-wrap-3426 .icon_description_text'  data-responsive-json-new='{\"font-size\":\"desktop:13px;\",\"line-height\":\"desktop:18px;\"}'  style=\"\"><p>Conf\u00e9d\u00e9ration des Entreprises de la Communaut\u00e9 des Pays de Langue Portugaise | |<\/p>\n<p>Dans cette zone, la distribution se fait par mer depuis le port de Bata vers l&rsquo;Angola, la Guin\u00e9e Bissau, le Cap Vert, le Portugal, Sao Tom\u00e9 et Principe, le Mozambique, le Br\u00e9sil et le Timor Oriental.<\/p>\n<\/div><\/div><div class=\"icon_list_connector\"  style=\"border-color:#080535;\"><\/div><\/li><\/ul><\/div>[\/vc_column][\/mk_page_section][mk_page_section full_width=\u00a0\u00bbtrue\u00a0\u00bb sidebar=\u00a0\u00bbsidebar-1&Prime;][vc_column width=\u00a0\u00bb1\/2&Prime; css=\u00a0\u00bb.vc_custom_1518083464721{padding-right: 0px !important;padding-left: 0px !important;}\u00a0\u00bb]<div class=\"ult-new-ib ult-ib-effect-style11  ult-ib-resp ult-ib2-min-height  vc_custom_1519056343133\" data-min-width=\"768\" data-max-width=\"900\" style=\"background:#2e8e29; opacity:0; \" data-opacity=\"0.5\" data-hover-opacity=\"0.8\"  data-min-height=\"340\" ><img decoding=\"async\" class=\"ult-new-ib-img\" style=\"opacity:0.5;\" alt=\"null\" src=\"https:\/\/grupoevita.com\/wp-content\/uploads\/2018\/02\/camion-evita.jpg\"  data-min-height=\"340\"   \/><div id=\"interactive-banner-wrap-5174\" class=\"ult-new-ib-desc\" style=\"\"><h2 class=\"ult-new-ib-title ult-responsive\"  data-ultimate-target='#interactive-banner-wrap-5174 .ult-new-ib-title'  data-responsive-json-new='{\"font-size\":\"desktop:20px;\",\"line-height\":\"\"}'  style=\"font-weight:normal;\"> Itin\u00e9raire Routier<\/h2><div class=\"ult-new-ib-content ult-responsive\"  data-ultimate-target='#interactive-banner-wrap-5174 .ult-new-ib-content'  data-responsive-json-new='{\"font-size\":\"\",\"line-height\":\"\"}'  style=\"font-weight:normal;\"><p><\/p><\/div><\/div><a class=\"ult-new-ib-link\"    ><\/a><\/div><script type=\"text\/javascript\">\n\t\t\t(function($){\n\t\t\t\t$(document).ready(function(){\n\t\t\t\t\t$(\".ult-new-ib\").css(\"opacity\",\"1\");\n\t\t\t\t});\n\t\t\t})(jQuery);\n\t\t\t<\/script>[\/vc_column][vc_column width=\u00a0\u00bb1\/2&Prime; css=\u00a0\u00bb.vc_custom_1518083666873{padding-right: 0px !important;padding-left: 0px !important;}\u00a0\u00bb]<div class=\"ult-new-ib ult-ib-effect-style11  ult-ib-resp ult-ib2-min-height  vc_custom_1519056348837\" data-min-width=\"768\" data-max-width=\"900\" style=\"background:#080335; opacity:0; \" data-opacity=\"0.5\" data-hover-opacity=\"0.8\"  data-min-height=\"340\" ><img decoding=\"async\" class=\"ult-new-ib-img\" style=\"opacity:0.5;\" alt=\"null\" src=\"https:\/\/grupoevita.com\/wp-content\/uploads\/2018\/02\/barco-evita.jpg\"  data-min-height=\"340\"   \/><div id=\"interactive-banner-wrap-3472\" class=\"ult-new-ib-desc\" style=\"\"><h2 class=\"ult-new-ib-title ult-responsive\"  data-ultimate-target='#interactive-banner-wrap-3472 .ult-new-ib-title'  data-responsive-json-new='{\"font-size\":\"desktop:20px;\",\"line-height\":\"\"}'  style=\"font-weight:normal;\">Route par Bateau<\/h2><div class=\"ult-new-ib-content ult-responsive\"  data-ultimate-target='#interactive-banner-wrap-3472 .ult-new-ib-content'  data-responsive-json-new='{\"font-size\":\"\",\"line-height\":\"\"}'  style=\"font-weight:normal;\"><p><\/p><\/div><\/div><a class=\"ult-new-ib-link\"    ><\/a><\/div><script type=\"text\/javascript\">\n\t\t\t(function($){\n\t\t\t\t$(document).ready(function(){\n\t\t\t\t\t$(\".ult-new-ib\").css(\"opacity\",\"1\");\n\t\t\t\t});\n\t\t\t})(jQuery);\n\t\t\t<\/script>[\/vc_column][\/mk_page_section][mk_page_section bg_stretch=\u00a0\u00bbtrue\u00a0\u00bb padding_bottom=\u00a0\u00bb20&Prime; sidebar=\u00a0\u00bbsidebar-1&Prime;][vc_column][mk_divider style=\u00a0\u00bbthin_solid\u00a0\u00bb thin_single_color=\u00a0\u00bb#080335&Prime; thickness=\u00a0\u00bb3&Prime;][\/vc_column][vc_column width=\u00a0\u00bb1\/2&Prime;]<div class=\"ult-spacer spacer-69f43f04882a3\" data-id=\"69f43f04882a3\" data-height=\"20\" data-height-mobile=\"20\" data-height-tab=\"20\" data-height-tab-portrait=\"\" data-height-mobile-landscape=\"\" style=\"clear:both;display:block;\"><\/div>[vc_column_text css=\u00a0\u00bb.vc_custom_1519056357949{margin-bottom: 0px !important;}\u00a0\u00bb]\n<h3>Entreprise en Pleine Expansion<\/h3>\n[\/vc_column_text]<div class=\"ult-spacer spacer-69f43f04882b4\" data-id=\"69f43f04882b4\" data-height=\"30\" data-height-mobile=\"30\" data-height-tab=\"30\" data-height-tab-portrait=\"\" data-height-mobile-landscape=\"\" style=\"clear:both;display:block;\"><\/div>[vc_row_inner][vc_column_inner width=\u00a0\u00bb2\/4&Prime;][vc_column_text css=\u00a0\u00bb.vc_custom_1519056369821{margin-bottom: 0px !important;}\u00a0\u00bb]<strong><img loading=\"lazy\" decoding=\"async\" class=\"wp-image-592 size-full alignleft\" src=\"http:\/\/grupoevita.com\/wp-content\/uploads\/2018\/02\/cemac.jpg\" alt=\"\" width=\"70\" height=\"70\" \/><span style=\"color: #080335;\">Route Distribution CEMAC<\/span><\/strong>[\/vc_column_text][\/vc_column_inner][vc_column_inner width=\u00a0\u00bb1\/4&Prime;][vc_icon icon_fontawesome=\u00a0\u00bbfa fa-ship\u00a0\u00bb color=\u00a0\u00bbcustom\u00a0\u00bb size=\u00a0\u00bblg\u00a0\u00bb align=\u00a0\u00bbcenter\u00a0\u00bb custom_color=\u00a0\u00bb#2e8e29&Prime;][\/vc_column_inner][vc_column_inner width=\u00a0\u00bb1\/4&Prime;][vc_icon icon_fontawesome=\u00a0\u00bbfa fa-truck\u00a0\u00bb color=\u00a0\u00bbcustom\u00a0\u00bb size=\u00a0\u00bblg\u00a0\u00bb align=\u00a0\u00bbcenter\u00a0\u00bb custom_color=\u00a0\u00bb#2e8e29&Prime;][\/vc_column_inner][\/vc_row_inner][vc_row_inner][vc_column_inner width=\u00a0\u00bb2\/4&Prime;][vc_column_text css=\u00a0\u00bb.vc_custom_1519056379173{margin-bottom: 0px !important;}\u00a0\u00bb]<strong><img loading=\"lazy\" decoding=\"async\" class=\"wp-image-587 size-full alignleft\" src=\"http:\/\/grupoevita.com\/wp-content\/uploads\/2018\/02\/cedeao.jpg\" alt=\"\" width=\"70\" height=\"70\" \/><span style=\"color: #080335;\">Route Distribution CDEAO<\/span><\/strong>[\/vc_column_text][\/vc_column_inner][vc_column_inner width=\u00a0\u00bb1\/4&Prime;][vc_icon icon_fontawesome=\u00a0\u00bbfa fa-ship\u00a0\u00bb color=\u00a0\u00bbcustom\u00a0\u00bb size=\u00a0\u00bblg\u00a0\u00bb align=\u00a0\u00bbcenter\u00a0\u00bb custom_color=\u00a0\u00bb#2e8e29&Prime;][\/vc_column_inner][vc_column_inner width=\u00a0\u00bb1\/4&Prime;][vc_icon icon_fontawesome=\u00a0\u00bbfa fa-truck\u00a0\u00bb color=\u00a0\u00bbcustom\u00a0\u00bb size=\u00a0\u00bblg\u00a0\u00bb align=\u00a0\u00bbcenter\u00a0\u00bb custom_color=\u00a0\u00bb#2e8e29&Prime;][\/vc_column_inner][\/vc_row_inner][vc_row_inner][vc_column_inner width=\u00a0\u00bb2\/4&Prime;][vc_column_text css=\u00a0\u00bb.vc_custom_1519056390269{margin-bottom: 0px !important;}\u00a0\u00bb]<strong><img loading=\"lazy\" decoding=\"async\" class=\"wp-image-596 size-full alignleft\" src=\"http:\/\/grupoevita.com\/wp-content\/uploads\/2018\/02\/ce-cplp.jpg\" alt=\"\" width=\"70\" height=\"70\" \/><span style=\"color: #080335;\">Route Distribution CE CPLP<\/span><\/strong>[\/vc_column_text][\/vc_column_inner][vc_column_inner width=\u00a0\u00bb1\/4&Prime;][vc_icon icon_fontawesome=\u00a0\u00bbfa fa-ship\u00a0\u00bb color=\u00a0\u00bbcustom\u00a0\u00bb size=\u00a0\u00bblg\u00a0\u00bb align=\u00a0\u00bbcenter\u00a0\u00bb custom_color=\u00a0\u00bb#2e8e29&Prime;][\/vc_column_inner][vc_column_inner width=\u00a0\u00bb1\/4&Prime;][vc_icon icon_fontawesome=\u00a0\u00bbfa fa-truck\u00a0\u00bb color=\u00a0\u00bbcustom\u00a0\u00bb size=\u00a0\u00bblg\u00a0\u00bb align=\u00a0\u00bbcenter\u00a0\u00bb custom_color=\u00a0\u00bb#2e8e29&Prime;][\/vc_column_inner][\/vc_row_inner][\/vc_column][vc_column width=\u00a0\u00bb1\/2&Prime;]<div class=\"ult-spacer spacer-69f43f04882c2\" data-id=\"69f43f04882c2\" data-height=\"20\" data-height-mobile=\"20\" data-height-tab=\"20\" data-height-tab-portrait=\"\" data-height-mobile-landscape=\"\" style=\"clear:both;display:block;\"><\/div>[mk_image src=\u00a0\u00bbhttps:\/\/grupoevita.com\/wp-content\/uploads\/2018\/03\/mapa-fr.jpg\u00a0\u00bb image_size=\u00a0\u00bbfull\u00a0\u00bb align=\u00a0\u00bbcenter\u00a0\u00bb][\/vc_column][\/mk_page_section]\n","protected":false},"excerpt":{"rendered":"<p>[mk_page_section bg_image=\u00a0\u00bbhttp:\/\/grupoevita.com\/wp-content\/uploads\/2018\/01\/cabecera-distribucion.jpg\u00a0\u00bb bg_repeat=\u00a0\u00bbno-repeat\u00a0\u00bb bg_stretch=\u00a0\u00bbtrue\u00a0\u00bb sidebar=\u00a0\u00bbsidebar-1&Prime;][vc_column width=\u00a0\u00bb1\/3&Prime;][vc_row_inner visibility=\u00a0\u00bbvisible-dt\u00a0\u00bb css=\u00a0\u00bb.vc_custom_1517242925131{padding-top: 2% !important;background-color: rgba(46,142,41,0.7) !important;*background-color: rgb(46,142,41) !important;}\u00a0\u00bb][vc_column_inner][vc_column_text css=\u00a0\u00bb.vc_custom_1519056250181{margin-bottom: 0px !important;}\u00a0\u00bb] Distribution [\/vc_column_text][\/vc_column_inner][\/vc_row_inner][\/vc_column][vc_column width=\u00a0\u00bb2\/3&Prime;][\/vc_column][\/mk_page_section][mk_page_section padding_top=\u00a0\u00bb40&Prime; margin_bottom=\u00a0\u00bb40&Prime; sidebar=\u00a0\u00bbsidebar-1&Prime;][vc_column css=\u00a0\u00bb.vc_custom_1517243538226{margin-bottom: 0px !important;padding-bottom: 0px !important;}\u00a0\u00bb][mk_divider style=\u00a0\u00bbthin_solid\u00a0\u00bb thin_single_color=\u00a0\u00bb#080335&Prime; thickness=\u00a0\u00bb3&Prime;][vc_column_text css=\u00a0\u00bb.vc_custom_1519056259300{margin-bottom: 0px !important;}\u00a0\u00bb] M\u00e9thode de Distribution [\/vc_column_text][vc_column_text css=\u00a0\u00bb.vc_custom_1521647808151{margin-bottom: 0px !important;padding-bottom: 0px !important;}\u00a0\u00bb]De la Guin\u00e9e \u00c9quatoriale notre produit peut \u00eatre distribu\u00e9 dans le monde, Communaut\u00e9 [&hellip;]<\/p>\n","protected":false},"author":1,"featured_media":0,"parent":0,"menu_order":0,"comment_status":"closed","ping_status":"closed","template":"","meta":{"footnotes":""},"class_list":["post-875","page","type-page","status-publish","hentry"],"_links":{"self":[{"href":"https:\/\/grupoevita.com\/fr\/wp-json\/wp\/v2\/pages\/875","targetHints":{"allow":["GET"]}}],"collection":[{"href":"https:\/\/grupoevita.com\/fr\/wp-json\/wp\/v2\/pages"}],"about":[{"href":"https:\/\/grupoevita.com\/fr\/wp-json\/wp\/v2\/types\/page"}],"author":[{"embeddable":true,"href":"https:\/\/grupoevita.com\/fr\/wp-json\/wp\/v2\/users\/1"}],"replies":[{"embeddable":true,"href":"https:\/\/grupoevita.com\/fr\/wp-json\/wp\/v2\/comments?post=875"}],"version-history":[{"count":5,"href":"https:\/\/grupoevita.com\/fr\/wp-json\/wp\/v2\/pages\/875\/revisions"}],"predecessor-version":[{"id":1028,"href":"https:\/\/grupoevita.com\/fr\/wp-json\/wp\/v2\/pages\/875\/revisions\/1028"}],"wp:attachment":[{"href":"https:\/\/grupoevita.com\/fr\/wp-json\/wp\/v2\/media?parent=875"}],"curies":[{"name":"wp","href":"https:\/\/api.w.org\/{rel}","templated":true}]}}