{"id":865,"date":"2018-02-06T17:07:42","date_gmt":"2018-02-06T17:07:42","guid":{"rendered":"http:\/\/grupoevita.com\/productos\/"},"modified":"2019-07-08T13:32:18","modified_gmt":"2019-07-08T13:32:18","slug":"produits","status":"publish","type":"page","link":"https:\/\/grupoevita.com\/fr\/produits\/","title":{"rendered":"Produits"},"content":{"rendered":"[mk_page_section bg_image=\u00a0\u00bbhttp:\/\/grupoevita.com\/wp-content\/uploads\/2018\/02\/cabecera-productos.jpg\u00a0\u00bb bg_repeat=\u00a0\u00bbno-repeat\u00a0\u00bb bg_stretch=\u00a0\u00bbtrue\u00a0\u00bb sidebar=\u00a0\u00bbsidebar-1&Prime;][vc_column width=\u00a0\u00bb1\/3&Prime;]<div class=\"ult-spacer spacer-69e0e87f767cb\" data-id=\"69e0e87f767cb\" data-height=\"120\" data-height-mobile=\"120\" data-height-tab=\"120\" data-height-tab-portrait=\"\" data-height-mobile-landscape=\"\" style=\"clear:both;display:block;\"><\/div>[vc_row_inner visibility=\u00a0\u00bbvisible-dt\u00a0\u00bb css=\u00a0\u00bb.vc_custom_1517242925131{padding-top: 2% !important;background-color: rgba(46,142,41,0.7) !important;*background-color: rgb(46,142,41) !important;}\u00a0\u00bb][vc_column_inner][vc_column_text css=\u00a0\u00bb.vc_custom_1519055717757{margin-bottom: 0px !important;}\u00a0\u00bb]\n<h1 class=\"blanco\" style=\"text-align: center;\">Produits<\/h1>\n[\/vc_column_text][\/vc_column_inner][\/vc_row_inner]<div class=\"ult-spacer spacer-69e0e87f767ea\" data-id=\"69e0e87f767ea\" data-height=\"100\" data-height-mobile=\"100\" data-height-tab=\"100\" data-height-tab-portrait=\"\" data-height-mobile-landscape=\"\" style=\"clear:both;display:block;\"><\/div>[\/vc_column][vc_column width=\u00a0\u00bb2\/3&Prime;][\/vc_column][\/mk_page_section][mk_page_section padding_top=\u00a0\u00bb40&Prime; sidebar=\u00a0\u00bbsidebar-1&Prime;][vc_column css=\u00a0\u00bb.vc_custom_1517243538226{margin-bottom: 0px !important;padding-bottom: 0px !important;}\u00a0\u00bb][mk_divider style=\u00a0\u00bbthin_solid\u00a0\u00bb thin_single_color=\u00a0\u00bb#080335&Prime; thickness=\u00a0\u00bb3&Prime;][vc_column_text css=\u00a0\u00bb.vc_custom_1562592734866{margin-bottom: 0px !important;}\u00a0\u00bb]\n<h2>Nos Produits<\/h2>\n<h3 style=\"font-weight: normal;\">Ciment Colle fabriqu\u00e9 en Guin\u00e9e \u00c9quatoriale<\/h3>\n[\/vc_column_text][\/vc_column][\/mk_page_section][mk_page_section padding_top=\u00a0\u00bb60&Prime; margin_bottom=\u00a0\u00bb70&Prime; sidebar=\u00a0\u00bbsidebar-1&Prime;][vc_column width=\u00a0\u00bb1\/3&Prime;][mk_image src=\u00a0\u00bbhttp:\/\/grupoevita.com\/wp-content\/uploads\/2018\/02\/saco-evita-blanco-mockup.jpg\u00a0\u00bb image_size=\u00a0\u00bbfull\u00a0\u00bb align=\u00a0\u00bbcenter\u00a0\u00bb margin_bottom=\u00a0\u00bb0&Prime;][mk_divider style=\u00a0\u00bbthin_solid\u00a0\u00bb thin_single_color=\u00a0\u00bb#080335&Prime; thickness=\u00a0\u00bb3&Prime; margin_top=\u00a0\u00bb0&Prime;][vc_row_inner][vc_column_inner width=\u00a0\u00bb2\/3&Prime;][vc_column_text css=\u00a0\u00bb.vc_custom_1519061895733{margin-bottom: 0px !important;}\u00a0\u00bb]<span class=\"nom-pro\">COL Blanc<br \/>\n20kg<\/span>[\/vc_column_text][\/vc_column_inner][vc_column_inner width=\u00a0\u00bb1\/3&Prime;][mk_button dimension=\u00a0\u00bbflat\u00a0\u00bb size=\u00a0\u00bbmedium\u00a0\u00bb url=\u00a0\u00bb\/fr\/evitacol-blanc\/\u00a0\u00bb align=\u00a0\u00bbcenter\u00a0\u00bb fullwidth=\u00a0\u00bbtrue\u00a0\u00bb bg_color=\u00a0\u00bb#ed1a38&Prime; btn_hover_bg=\u00a0\u00bb#080335&Prime;]+ Info[\/mk_button][\/vc_column_inner][\/vc_row_inner]<div class=\"ult-spacer spacer-69e0e87f767fb\" data-id=\"69e0e87f767fb\" data-height=\"20\" data-height-mobile=\"20\" data-height-tab=\"20\" data-height-tab-portrait=\"\" data-height-mobile-landscape=\"\" style=\"clear:both;display:block;\"><\/div>[\/vc_column][vc_column width=\u00a0\u00bb1\/3&Prime;][mk_image src=\u00a0\u00bbhttp:\/\/grupoevita.com\/wp-content\/uploads\/2018\/02\/saco-evita-piscinas-mockup.jpg\u00a0\u00bb image_size=\u00a0\u00bbfull\u00a0\u00bb align=\u00a0\u00bbcenter\u00a0\u00bb margin_bottom=\u00a0\u00bb0&Prime;][mk_divider style=\u00a0\u00bbthin_solid\u00a0\u00bb thin_single_color=\u00a0\u00bb#080335&Prime; thickness=\u00a0\u00bb3&Prime; margin_top=\u00a0\u00bb0&Prime;][vc_row_inner][vc_column_inner width=\u00a0\u00bb2\/3&Prime;][vc_column_text css=\u00a0\u00bb.vc_custom_1519055766313{margin-bottom: 0px !important;}\u00a0\u00bb]<span class=\"nom-pro\">COL Sp\u00e9cial Piscines 25kg<\/span>[\/vc_column_text][\/vc_column_inner][vc_column_inner width=\u00a0\u00bb1\/3&Prime;][mk_button dimension=\u00a0\u00bbflat\u00a0\u00bb size=\u00a0\u00bbmedium\u00a0\u00bb url=\u00a0\u00bb\/fr\/evitacol-special-piscines\/\u00a0\u00bb align=\u00a0\u00bbcenter\u00a0\u00bb fullwidth=\u00a0\u00bbtrue\u00a0\u00bb bg_color=\u00a0\u00bb#ed1a38&Prime; btn_hover_bg=\u00a0\u00bb#080335&Prime;]+ Info[\/mk_button][\/vc_column_inner][\/vc_row_inner]<div class=\"ult-spacer spacer-69e0e87f7680d\" data-id=\"69e0e87f7680d\" data-height=\"20\" data-height-mobile=\"20\" data-height-tab=\"20\" data-height-tab-portrait=\"\" data-height-mobile-landscape=\"\" style=\"clear:both;display:block;\"><\/div>[\/vc_column][vc_column width=\u00a0\u00bb1\/3&Prime;][mk_image src=\u00a0\u00bbhttp:\/\/grupoevita.com\/wp-content\/uploads\/2018\/02\/saco-fino-mockup.jpg\u00a0\u00bb image_size=\u00a0\u00bbfull\u00a0\u00bb align=\u00a0\u00bbcenter\u00a0\u00bb margin_bottom=\u00a0\u00bb0&Prime;][mk_divider style=\u00a0\u00bbthin_solid\u00a0\u00bb thin_single_color=\u00a0\u00bb#080335&Prime; thickness=\u00a0\u00bb3&Prime; margin_top=\u00a0\u00bb0&Prime;][vc_row_inner][vc_column_inner width=\u00a0\u00bb2\/3&Prime;][vc_column_text css=\u00a0\u00bb.vc_custom_1519055868637{margin-bottom: 0px !important;}\u00a0\u00bb]<span class=\"nom-pro\">REV Fine<br \/>\n25kg<\/span>[\/vc_column_text][\/vc_column_inner][vc_column_inner width=\u00a0\u00bb1\/3&Prime;][mk_button dimension=\u00a0\u00bbflat\u00a0\u00bb size=\u00a0\u00bbmedium\u00a0\u00bb url=\u00a0\u00bb\/fr\/evitarev-fine\/\u00a0\u00bb align=\u00a0\u00bbcenter\u00a0\u00bb fullwidth=\u00a0\u00bbtrue\u00a0\u00bb bg_color=\u00a0\u00bb#ed1a38&Prime; btn_hover_bg=\u00a0\u00bb#080335&Prime;]+ Info[\/mk_button][\/vc_column_inner][\/vc_row_inner]<div class=\"ult-spacer spacer-69e0e87f7681a\" data-id=\"69e0e87f7681a\" data-height=\"20\" data-height-mobile=\"20\" data-height-tab=\"20\" data-height-tab-portrait=\"\" data-height-mobile-landscape=\"\" style=\"clear:both;display:block;\"><\/div>[\/vc_column][vc_column width=\u00a0\u00bb1\/3&Prime;][mk_image src=\u00a0\u00bbhttp:\/\/grupoevita.com\/wp-content\/uploads\/2018\/02\/saco-gris-mockup.jpg\u00a0\u00bb image_size=\u00a0\u00bbfull\u00a0\u00bb align=\u00a0\u00bbcenter\u00a0\u00bb margin_bottom=\u00a0\u00bb0&Prime;][mk_divider style=\u00a0\u00bbthin_solid\u00a0\u00bb thin_single_color=\u00a0\u00bb#080335&Prime; thickness=\u00a0\u00bb3&Prime; margin_top=\u00a0\u00bb0&Prime;][vc_row_inner][vc_column_inner width=\u00a0\u00bb2\/3&Prime;][vc_column_text css=\u00a0\u00bb.vc_custom_1516723271576{margin-bottom: 0px !important;}\u00a0\u00bb]<span class=\"nom-pro\">COL Gris<br \/>\n20kg<\/span>[\/vc_column_text][\/vc_column_inner][vc_column_inner width=\u00a0\u00bb1\/3&Prime;][mk_button dimension=\u00a0\u00bbflat\u00a0\u00bb size=\u00a0\u00bbmedium\u00a0\u00bb url=\u00a0\u00bb\/fr\/evitacol-gris\/\u00a0\u00bb align=\u00a0\u00bbcenter\u00a0\u00bb fullwidth=\u00a0\u00bbtrue\u00a0\u00bb bg_color=\u00a0\u00bb#ed1a38&Prime; btn_hover_bg=\u00a0\u00bb#080335&Prime;]+ Info[\/mk_button][\/vc_column_inner][\/vc_row_inner][\/vc_column][vc_column width=\u00a0\u00bb1\/3&Prime;][mk_image src=\u00a0\u00bbhttp:\/\/grupoevita.com\/wp-content\/uploads\/2018\/02\/saco-porc-blanco-mockup.jpg\u00a0\u00bb image_size=\u00a0\u00bbfull\u00a0\u00bb align=\u00a0\u00bbcenter\u00a0\u00bb margin_bottom=\u00a0\u00bb0&Prime;][mk_divider style=\u00a0\u00bbthin_solid\u00a0\u00bb thin_single_color=\u00a0\u00bb#080335&Prime; thickness=\u00a0\u00bb3&Prime; margin_top=\u00a0\u00bb0&Prime;][vc_row_inner][vc_column_inner width=\u00a0\u00bb2\/3&Prime;][vc_column_text css=\u00a0\u00bb.vc_custom_1519055830109{margin-bottom: 0px !important;}\u00a0\u00bb]<span class=\"nom-pro\">COL Porcelain\u00e9 Blanc 25kg<\/span>[\/vc_column_text][\/vc_column_inner][vc_column_inner width=\u00a0\u00bb1\/3&Prime;][mk_button dimension=\u00a0\u00bbflat\u00a0\u00bb size=\u00a0\u00bbmedium\u00a0\u00bb url=\u00a0\u00bb\/fr\/evitacol-porcelaine-blanc\/\u00a0\u00bb align=\u00a0\u00bbcenter\u00a0\u00bb fullwidth=\u00a0\u00bbtrue\u00a0\u00bb bg_color=\u00a0\u00bb#ed1a38&Prime; btn_hover_bg=\u00a0\u00bb#080335&Prime;]+ Info[\/mk_button][\/vc_column_inner][\/vc_row_inner][\/vc_column][vc_column width=\u00a0\u00bb1\/3&Prime;][mk_image src=\u00a0\u00bbhttp:\/\/grupoevita.com\/wp-content\/uploads\/2018\/02\/saco-porc-gris-mockup.jpg\u00a0\u00bb image_size=\u00a0\u00bbfull\u00a0\u00bb align=\u00a0\u00bbcenter\u00a0\u00bb margin_bottom=\u00a0\u00bb0&Prime;][mk_divider style=\u00a0\u00bbthin_solid\u00a0\u00bb thin_single_color=\u00a0\u00bb#080335&Prime; thickness=\u00a0\u00bb3&Prime; margin_top=\u00a0\u00bb0&Prime;][vc_row_inner][vc_column_inner width=\u00a0\u00bb2\/3&Prime;][vc_column_text css=\u00a0\u00bb.vc_custom_1519055848573{margin-bottom: 0px !important;}\u00a0\u00bb]<span class=\"nom-pro\">COL Porcelain\u00e9 Gris 25kg<\/span>[\/vc_column_text][\/vc_column_inner][vc_column_inner width=\u00a0\u00bb1\/3&Prime;][mk_button dimension=\u00a0\u00bbflat\u00a0\u00bb size=\u00a0\u00bbmedium\u00a0\u00bb url=\u00a0\u00bb\/fr\/evitacol-porcelaine-gris\/\u00a0\u00bb align=\u00a0\u00bbcenter\u00a0\u00bb fullwidth=\u00a0\u00bbtrue\u00a0\u00bb bg_color=\u00a0\u00bb#ed1a38&Prime; btn_hover_bg=\u00a0\u00bb#080335&Prime;]+ Info[\/mk_button][\/vc_column_inner][\/vc_row_inner][\/vc_column][\/mk_page_section][mk_page_section bg_image=\u00a0\u00bbhttp:\/\/grupoevita.com\/wp-content\/uploads\/2018\/01\/fondo-cemento.jpg\u00a0\u00bb bg_color=\u00a0\u00bb#080335&Prime; video_mask=\u00a0\u00bbtrue\u00a0\u00bb video_color_mask=\u00a0\u00bb#080335&Prime; padding_top=\u00a0\u00bb0&Prime; sidebar=\u00a0\u00bbsidebar-1&Prime;][vc_column]<div class=\"ult-spacer spacer-69e0e87f76828\" data-id=\"69e0e87f76828\" data-height=\"80\" data-height-mobile=\"80\" data-height-tab=\"80\" data-height-tab-portrait=\"\" data-height-mobile-landscape=\"\" style=\"clear:both;display:block;\"><\/div>[vc_column_text align=\u00a0\u00bbcenter\u00a0\u00bb css=\u00a0\u00bb.vc_custom_1519055886093{margin-bottom: 0px !important;}\u00a0\u00bb]<span class=\"titulo-header\">Garantie Europ\u00e9enne<\/span>[\/vc_column_text][mk_image src=\u00a0\u00bbhttp:\/\/grupoevita.com\/wp-content\/uploads\/2018\/02\/garantie.png\u00a0\u00bb image_size=\u00a0\u00bbfull\u00a0\u00bb align=\u00a0\u00bbcenter\u00a0\u00bb]<div class=\"ult-spacer spacer-69e0e87f76832\" data-id=\"69e0e87f76832\" data-height=\"45\" data-height-mobile=\"45\" data-height-tab=\"45\" data-height-tab-portrait=\"\" data-height-mobile-landscape=\"\" style=\"clear:both;display:block;\"><\/div>[\/vc_column][\/mk_page_section]\n","protected":false},"excerpt":{"rendered":"<p>[mk_page_section bg_image=\u00a0\u00bbhttp:\/\/grupoevita.com\/wp-content\/uploads\/2018\/02\/cabecera-productos.jpg\u00a0\u00bb bg_repeat=\u00a0\u00bbno-repeat\u00a0\u00bb bg_stretch=\u00a0\u00bbtrue\u00a0\u00bb sidebar=\u00a0\u00bbsidebar-1&Prime;][vc_column width=\u00a0\u00bb1\/3&Prime;][vc_row_inner visibility=\u00a0\u00bbvisible-dt\u00a0\u00bb css=\u00a0\u00bb.vc_custom_1517242925131{padding-top: 2% !important;background-color: rgba(46,142,41,0.7) !important;*background-color: rgb(46,142,41) !important;}\u00a0\u00bb][vc_column_inner][vc_column_text css=\u00a0\u00bb.vc_custom_1519055717757{margin-bottom: 0px !important;}\u00a0\u00bb] Produits [\/vc_column_text][\/vc_column_inner][\/vc_row_inner][\/vc_column][vc_column width=\u00a0\u00bb2\/3&Prime;][\/vc_column][\/mk_page_section][mk_page_section padding_top=\u00a0\u00bb40&Prime; sidebar=\u00a0\u00bbsidebar-1&Prime;][vc_column css=\u00a0\u00bb.vc_custom_1517243538226{margin-bottom: 0px !important;padding-bottom: 0px !important;}\u00a0\u00bb][mk_divider style=\u00a0\u00bbthin_solid\u00a0\u00bb thin_single_color=\u00a0\u00bb#080335&Prime; thickness=\u00a0\u00bb3&Prime;][vc_column_text css=\u00a0\u00bb.vc_custom_1562592734866{margin-bottom: 0px !important;}\u00a0\u00bb] Nos Produits Ciment Colle fabriqu\u00e9 en Guin\u00e9e \u00c9quatoriale [\/vc_column_text][\/vc_column][\/mk_page_section][mk_page_section padding_top=\u00a0\u00bb60&Prime; margin_bottom=\u00a0\u00bb70&Prime; sidebar=\u00a0\u00bbsidebar-1&Prime;][vc_column width=\u00a0\u00bb1\/3&Prime;][mk_image src=\u00a0\u00bbhttp:\/\/grupoevita.com\/wp-content\/uploads\/2018\/02\/saco-evita-blanco-mockup.jpg\u00a0\u00bb image_size=\u00a0\u00bbfull\u00a0\u00bb align=\u00a0\u00bbcenter\u00a0\u00bb margin_bottom=\u00a0\u00bb0&Prime;][mk_divider style=\u00a0\u00bbthin_solid\u00a0\u00bb thin_single_color=\u00a0\u00bb#080335&Prime; thickness=\u00a0\u00bb3&Prime; margin_top=\u00a0\u00bb0&Prime;][vc_row_inner][vc_column_inner width=\u00a0\u00bb2\/3&Prime;][vc_column_text [&hellip;]<\/p>\n","protected":false},"author":1,"featured_media":0,"parent":0,"menu_order":0,"comment_status":"closed","ping_status":"closed","template":"","meta":{"footnotes":""},"class_list":["post-865","page","type-page","status-publish","hentry"],"_links":{"self":[{"href":"https:\/\/grupoevita.com\/fr\/wp-json\/wp\/v2\/pages\/865","targetHints":{"allow":["GET"]}}],"collection":[{"href":"https:\/\/grupoevita.com\/fr\/wp-json\/wp\/v2\/pages"}],"about":[{"href":"https:\/\/grupoevita.com\/fr\/wp-json\/wp\/v2\/types\/page"}],"author":[{"embeddable":true,"href":"https:\/\/grupoevita.com\/fr\/wp-json\/wp\/v2\/users\/1"}],"replies":[{"embeddable":true,"href":"https:\/\/grupoevita.com\/fr\/wp-json\/wp\/v2\/comments?post=865"}],"version-history":[{"count":4,"href":"https:\/\/grupoevita.com\/fr\/wp-json\/wp\/v2\/pages\/865\/revisions"}],"predecessor-version":[{"id":1456,"href":"https:\/\/grupoevita.com\/fr\/wp-json\/wp\/v2\/pages\/865\/revisions\/1456"}],"wp:attachment":[{"href":"https:\/\/grupoevita.com\/fr\/wp-json\/wp\/v2\/media?parent=865"}],"curies":[{"name":"wp","href":"https:\/\/api.w.org\/{rel}","templated":true}]}}