{"id":841,"date":"2018-01-29T17:37:45","date_gmt":"2018-01-29T17:37:45","guid":{"rendered":"http:\/\/grupoevita.com\/nosotros\/"},"modified":"2019-06-24T10:54:31","modified_gmt":"2019-06-24T10:54:31","slug":"nous","status":"publish","type":"page","link":"https:\/\/grupoevita.com\/fr\/nous\/","title":{"rendered":"Nous"},"content":{"rendered":"[mk_page_section bg_image=\u00a0\u00bbhttp:\/\/grupoevita.com\/wp-content\/uploads\/2018\/01\/cabecera-nosotros.jpg\u00a0\u00bb bg_repeat=\u00a0\u00bbno-repeat\u00a0\u00bb bg_stretch=\u00a0\u00bbtrue\u00a0\u00bb sidebar=\u00a0\u00bbsidebar-1&Prime;][vc_column width=\u00a0\u00bb1\/3&Prime;]<div class=\"ult-spacer spacer-69e73a4211d30\" data-id=\"69e73a4211d30\" data-height=\"120\" data-height-mobile=\"120\" data-height-tab=\"120\" data-height-tab-portrait=\"\" data-height-mobile-landscape=\"\" style=\"clear:both;display:block;\"><\/div>[vc_row_inner visibility=\u00a0\u00bbvisible-dt\u00a0\u00bb css=\u00a0\u00bb.vc_custom_1517242925131{padding-top: 2% !important;background-color: rgba(46,142,41,0.7) !important;*background-color: rgb(46,142,41) !important;}\u00a0\u00bb][vc_column_inner][vc_column_text css=\u00a0\u00bb.vc_custom_1519054324696{margin-bottom: 0px !important;}\u00a0\u00bb]\n<h1 class=\"blanco\" style=\"text-align: center;\">Pr\u00e8s de Nous<\/h1>\n[\/vc_column_text][\/vc_column_inner][\/vc_row_inner]<div class=\"ult-spacer spacer-69e73a4211d60\" data-id=\"69e73a4211d60\" data-height=\"100\" data-height-mobile=\"100\" data-height-tab=\"100\" data-height-tab-portrait=\"\" data-height-mobile-landscape=\"\" style=\"clear:both;display:block;\"><\/div>[\/vc_column][vc_column width=\u00a0\u00bb2\/3&Prime;][\/vc_column][\/mk_page_section][mk_page_section padding_top=\u00a0\u00bb40&Prime; sidebar=\u00a0\u00bbsidebar-1&Prime;][vc_column width=\u00a0\u00bb3\/4&Prime; css=\u00a0\u00bb.vc_custom_1517243538226{margin-bottom: 0px !important;padding-bottom: 0px !important;}\u00a0\u00bb][mk_divider style=\u00a0\u00bbthin_solid\u00a0\u00bb thin_single_color=\u00a0\u00bb#080335&Prime; thickness=\u00a0\u00bb3&Prime;][vc_column_text css=\u00a0\u00bb.vc_custom_1519054344879{margin-bottom: 0px !important;}\u00a0\u00bb]\n<h2>Groupe Evita<\/h2>\n<h3 style=\"font-weight: normal;\">Le meilleur ciment sur le march\u00e9<\/h3>\n[\/vc_column_text][vc_column_text css=\u00a0\u00bb.vc_custom_1519054363592{margin-bottom: 0px !important;padding-bottom: 0px !important;}\u00a0\u00bb]GRUPO EVITA est n\u00e9 en 2009, au m\u00eame temps que le boom de la construction en Guin\u00e9e \u00c9quatoriale, offrant le service de collecte, de traitement et d&rsquo;exportation des d\u00e9chets toxiques, par voie terrestre et maritime, vers la R\u00e9publique du Cameroun.<\/p>\n<p style=\"margin-bottom: 10px;\">En 2010, la division Transport et Logistique a \u00e9t\u00e9 cr\u00e9\u00e9e, et une importante flotte de camions plate-forme pour le transport de marchandises par route est acquis. Entre 2010 et 2013, plus de 3 000 conteneurs ont \u00e9t\u00e9 transport\u00e9s du port de Bata \u00e0 l&rsquo;int\u00e9rieur de la Guin\u00e9e \u00c9quatoriale.<\/p>\n[\/vc_column_text][\/vc_column][vc_column width=\u00a0\u00bb1\/4&Prime;]<div class=\"ult-spacer spacer-69e73a4211d76\" data-id=\"69e73a4211d76\" data-height=\"20\" data-height-mobile=\"20\" data-height-tab=\"20\" data-height-tab-portrait=\"\" data-height-mobile-landscape=\"\" style=\"clear:both;display:block;\"><\/div>[mk_image src=\u00a0\u00bbhttp:\/\/grupoevita.com\/wp-content\/uploads\/2018\/01\/grupo-evita-foto.jpg\u00a0\u00bb image_size=\u00a0\u00bbfull\u00a0\u00bb align=\u00a0\u00bbcenter\u00a0\u00bb margin_bottom=\u00a0\u00bb0&Prime;][\/vc_column][vc_column][vc_column_text css=\u00a0\u00bb.vc_custom_1519054380834{margin-bottom: 0px !important;}\u00a0\u00bb]<img loading=\"lazy\" decoding=\"async\" class=\"wp-image-304 size-full alignright\" src=\"http:\/\/grupoevita.com\/wp-content\/uploads\/2018\/01\/estructura-2.jpg\" alt=\"\" width=\"400\" height=\"150\" srcset=\"https:\/\/grupoevita.com\/wp-content\/uploads\/2018\/01\/estructura-2.jpg 400w, https:\/\/grupoevita.com\/wp-content\/uploads\/2018\/01\/estructura-2-300x113.jpg 300w\" sizes=\"auto, (max-width: 400px) 100vw, 400px\" \/>En 2013, pendant le dernier Conseil d\u2019 Administration qui s\u2019est tenu \u00e0 Bata, il a \u00e9t\u00e9 d\u00e9cid\u00e9, entre autres questions, d\u2019 investir 70% des b\u00e9n\u00e9fices dans le plan d\u2019expansion et de croissance de l\u2019entreprise, 20% dans la distribution de dividendes et les 10% restants dans le fonds de r\u00e9serve.<br \/>\nLe plan d&rsquo;expansion a compris l&rsquo;acquisition d&rsquo;une central \u00e0 b\u00e9ton, d&rsquo;\u00e9quipement pour l&rsquo;exploitation d&rsquo;une carri\u00e8re de pierre, d&rsquo;\u00e9quipement d&rsquo;asphalte, de camions, de camions-bennes, de b\u00e9tonni\u00e8res, de machines pr\u00e9fabriqu\u00e9es en b\u00e9ton et de machines de terrassement.[\/vc_column_text][\/vc_column][\/mk_page_section][mk_page_section bg_image=\u00a0\u00bbhttp:\/\/grupoevita.com\/wp-content\/uploads\/2018\/01\/fondo-2.jpg\u00a0\u00bb bg_stretch=\u00a0\u00bbtrue\u00a0\u00bb padding_top=\u00a0\u00bb40&Prime; padding_bottom=\u00a0\u00bb20&Prime; sidebar=\u00a0\u00bbsidebar-1&Prime;][vc_column][mk_divider style=\u00a0\u00bbthin_solid\u00a0\u00bb thin_single_color=\u00a0\u00bb#080335&Prime; thickness=\u00a0\u00bb3&Prime;][vc_column_text css=\u00a0\u00bb.vc_custom_1519054391167{margin-bottom: 0px !important;}\u00a0\u00bb]\n<h3>Fabriqu\u00e9 en Guin\u00e9e \u00c9quatoriale avec garantie europ\u00e9enne<\/h3>\n[\/vc_column_text][\/vc_column][vc_column width=\u00a0\u00bb1\/2&Prime;]<div class=\"ult-spacer spacer-69e73a4211d8a\" data-id=\"69e73a4211d8a\" data-height=\"20\" data-height-mobile=\"20\" data-height-tab=\"20\" data-height-tab-portrait=\"\" data-height-mobile-landscape=\"\" style=\"clear:both;display:block;\"><\/div>[vc_column_text css=\u00a0\u00bb.vc_custom_1519054433304{margin-bottom: 0px !important;}\u00a0\u00bb]Actuellement, le pays passe par une phase de d\u00e9veloppement industriel et facteurs tels que les <strong>bonnes relations avec les autres pays africains<\/strong>, un r\u00e9seau routier solide qui communique Bata avec Cameroun et Gabon, une structure portuaire de derni\u00e8re g\u00e9n\u00e9ration et des <strong>avantages fiscaux pour l&rsquo;investissement priv\u00e9e<\/strong> promues par le gouvernement qui <strong>pr\u00e9side S.E Th\u00e9odore OBIANG NGUEMA MBASOGO<\/strong>, on rendu possible l&rsquo;implantation d&rsquo;une <strong>usine de CIMENT COLLE \u00e0 Bata<\/strong> afin d&rsquo;approvisionner les march\u00e9s nationaux, sous-r\u00e9gionaux (zone CEMAC) et internationaux, l&rsquo;Afrique de l&rsquo;Ouest et la zone CE CPLP.[\/vc_column_text][mk_icon_box icon=\u00a0\u00bbmk-icon-map-marker\u00a0\u00bb title=\u00a0\u00bbBata (R\u00e9publique de Guin\u00e9e \u00c9quatoriale)\u00a0\u00bb font_weight=\u00a0\u00bbbold\u00a0\u00bb icon_size=\u00a0\u00bbmedium\u00a0\u00bb icon_color=\u00a0\u00bb#2e8e29&Prime; icon_circle_color=\u00a0\u00bb\u00a0\u00bb title_color=\u00a0\u00bb#080335&Prime; margin=\u00a0\u00bb10&Prime;][\/mk_icon_box][vc_column_text css=\u00a0\u00bb.vc_custom_1519054450431{margin-bottom: 0px !important;}\u00a0\u00bb]GROUPE EVITA a embauch\u00e9 les meilleures entreprises europ\u00e9ennes pour l&rsquo;installation de l&rsquo;usine, et pour le contr\u00f4le de la qualit\u00e9 des processus de production. En plus, l\u2019entreprise compte sur un accord de transfert de technologie pour une p\u00e9riode limit\u00e9e.[\/vc_column_text][\/vc_column][vc_column width=\u00a0\u00bb1\/2&Prime;]<div class=\"ult-spacer spacer-69e73a4211d9b\" data-id=\"69e73a4211d9b\" data-height=\"20\" data-height-mobile=\"20\" data-height-tab=\"20\" data-height-tab-portrait=\"\" data-height-mobile-landscape=\"\" style=\"clear:both;display:block;\"><\/div>[mk_image src=\u00a0\u00bbhttp:\/\/grupoevita.com\/wp-content\/uploads\/2018\/01\/mapa-new.png\u00a0\u00bb image_size=\u00a0\u00bbfull\u00a0\u00bb align=\u00a0\u00bbcenter\u00a0\u00bb][\/vc_column][\/mk_page_section][mk_page_section bg_image=\u00a0\u00bbhttp:\/\/grupoevita.com\/wp-content\/uploads\/2018\/01\/fondo-azul-estructura.jpg\u00a0\u00bb bg_stretch=\u00a0\u00bbtrue\u00a0\u00bb padding_top=\u00a0\u00bb50&Prime; padding_bottom=\u00a0\u00bb40&Prime; sidebar=\u00a0\u00bbsidebar-1&Prime;][vc_column][vc_column_text align=\u00a0\u00bbcenter\u00a0\u00bb css=\u00a0\u00bb.vc_custom_1519054463095{margin-bottom: 0px !important;}\u00a0\u00bb]\n<h4 class=\"blanco\">Pourquoi Choisir nos Produits?<\/h4>\n[\/vc_column_text]<div class=\"ult-spacer spacer-69e73a4211dac\" data-id=\"69e73a4211dac\" data-height=\"30\" data-height-mobile=\"30\" data-height-tab=\"30\" data-height-tab-portrait=\"\" data-height-mobile-landscape=\"\" style=\"clear:both;display:block;\"><\/div>[\/vc_column][vc_column width=\u00a0\u00bb1\/6&Prime;][mk_image src=\u00a0\u00bbhttp:\/\/grupoevita.com\/wp-content\/uploads\/2018\/01\/icon2.png\u00a0\u00bb image_size=\u00a0\u00bbfull\u00a0\u00bb align=\u00a0\u00bbcenter\u00a0\u00bb][vc_column_text align=\u00a0\u00bbcenter\u00a0\u00bb css=\u00a0\u00bb.vc_custom_1519054484959{margin-bottom: 0px !important;}\u00a0\u00bb]<span class=\"blanco\">Longue<br \/>\nExp\u00e9rience<\/span>[\/vc_column_text][\/vc_column][vc_column width=\u00a0\u00bb1\/6&Prime;][mk_image src=\u00a0\u00bbhttp:\/\/grupoevita.com\/wp-content\/uploads\/2018\/01\/icon3.png\u00a0\u00bb image_size=\u00a0\u00bbfull\u00a0\u00bb align=\u00a0\u00bbcenter\u00a0\u00bb][vc_column_text align=\u00a0\u00bbcenter\u00a0\u00bb css=\u00a0\u00bb.vc_custom_1519054494287{margin-bottom: 0px !important;}\u00a0\u00bb]<span class=\"blanco\">Personnel<br \/>\nQualifi\u00e9<\/span>[\/vc_column_text][\/vc_column][vc_column width=\u00a0\u00bb1\/6&Prime;][mk_image src=\u00a0\u00bbhttp:\/\/grupoevita.com\/wp-content\/uploads\/2018\/01\/icon6.png\u00a0\u00bb image_size=\u00a0\u00bbfull\u00a0\u00bb align=\u00a0\u00bbcenter\u00a0\u00bb][vc_column_text align=\u00a0\u00bbcenter\u00a0\u00bb css=\u00a0\u00bb.vc_custom_1519054501575{margin-bottom: 0px !important;}\u00a0\u00bb]<span class=\"blanco\">Produit<br \/>\nQualit\u00e9<\/span>[\/vc_column_text][\/vc_column][vc_column width=\u00a0\u00bb1\/6&Prime;][mk_image src=\u00a0\u00bbhttp:\/\/grupoevita.com\/wp-content\/uploads\/2018\/01\/icon4.png\u00a0\u00bb image_size=\u00a0\u00bbfull\u00a0\u00bb align=\u00a0\u00bbcenter\u00a0\u00bb][vc_column_text align=\u00a0\u00bbcenter\u00a0\u00bb css=\u00a0\u00bb.vc_custom_1519054509575{margin-bottom: 0px !important;}\u00a0\u00bb]<span class=\"blanco\">R\u00e9f\u00e9rent<br \/>\nNational<\/span>[\/vc_column_text][\/vc_column][vc_column width=\u00a0\u00bb1\/6&Prime;][mk_image src=\u00a0\u00bbhttp:\/\/grupoevita.com\/wp-content\/uploads\/2018\/01\/icon7.png\u00a0\u00bb image_size=\u00a0\u00bbfull\u00a0\u00bb align=\u00a0\u00bbcenter\u00a0\u00bb][vc_column_text align=\u00a0\u00bbcenter\u00a0\u00bb css=\u00a0\u00bb.vc_custom_1519054517559{margin-bottom: 0px !important;}\u00a0\u00bb]<span class=\"blanco\">Service<br \/>\nClient<\/span>[\/vc_column_text][\/vc_column][vc_column width=\u00a0\u00bb1\/6&Prime;][mk_image src=\u00a0\u00bbhttp:\/\/grupoevita.com\/wp-content\/uploads\/2018\/01\/icon8.png\u00a0\u00bb image_size=\u00a0\u00bbfull\u00a0\u00bb align=\u00a0\u00bbcenter\u00a0\u00bb][vc_column_text align=\u00a0\u00bbcenter\u00a0\u00bb css=\u00a0\u00bb.vc_custom_1519054525735{margin-bottom: 0px !important;}\u00a0\u00bb]<span class=\"blanco\">D\u00e9veloppement<br \/>\nIndustriel<\/span>[\/vc_column_text][vc_column_text css=\u00a0\u00bb.vc_custom_1519054555599{margin-bottom: 0px !important;}\u00a0\u00bb]\n<div id=\"usine\"><\/div>\n[\/vc_column_text][\/vc_column][\/mk_page_section][mk_page_section padding_top=\u00a0\u00bb40&Prime; sidebar=\u00a0\u00bbsidebar-1&Prime;][vc_column][vc_column_text css=\u00a0\u00bb.vc_custom_1519054544887{margin-bottom: 0px !important;}\u00a0\u00bb]\n<h3>Notre Usine<\/h3>\n[\/vc_column_text]<div class=\"ult-spacer spacer-69e73a4211dbb\" data-id=\"69e73a4211dbb\" data-height=\"20\" data-height-mobile=\"20\" data-height-tab=\"20\" data-height-tab-portrait=\"\" data-height-mobile-landscape=\"\" style=\"clear:both;display:block;\"><\/div>[vc_column_text css=\u00a0\u00bb.vc_custom_1519054783519{margin-bottom: 0px !important;}\u00a0\u00bb]GRUPO EVITA est une entreprise en pleine expansion, avec une <strong>exp\u00e9rience \u00e9prouv\u00e9e dans le secteur<\/strong>, avec un personnel hautement qualifi\u00e9 qui est engag\u00e9 dans le d\u00e9veloppement industriel de la Guin\u00e9e \u00c9quatoriale offrant un produit de haute qualit\u00e9. Nous sommes une r\u00e9f\u00e9rence nationale pour la gestion efficace des ressources, la qualit\u00e9 du service et le service \u00e0 la client\u00e8le. Notre cimenterie dispose d&rsquo;une technologie de pointe et a une capacit\u00e9 de production de 15tn\/h.[\/vc_column_text][\/vc_column][vc_column width=\u00a0\u00bb1\/2&Prime;][mk_icon_box icon=\u00a0\u00bbmk-icon-map-marker\u00a0\u00bb title=\u00a0\u00bbUsine situ\u00e9e \u00e0 Bata\u00a0\u00bb font_weight=\u00a0\u00bbbold\u00a0\u00bb icon_size=\u00a0\u00bbmedium\u00a0\u00bb icon_color=\u00a0\u00bb#2e8e29&Prime; icon_circle_color=\u00a0\u00bb\u00a0\u00bb title_color=\u00a0\u00bb#080335&Prime; margin=\u00a0\u00bb10&Prime;][\/mk_icon_box][mk_icon_box icon=\u00a0\u00bbmk-icon-power-off\u00a0\u00bb title=\u00a0\u00bbTechnologie de Pointe\u00a0\u00bb font_weight=\u00a0\u00bbbold\u00a0\u00bb icon_size=\u00a0\u00bbmedium\u00a0\u00bb icon_color=\u00a0\u00bb#2e8e29&Prime; icon_circle_color=\u00a0\u00bb\u00a0\u00bb title_color=\u00a0\u00bb#080335&Prime; margin=\u00a0\u00bb10&Prime;][\/mk_icon_box][mk_icon_box icon=\u00a0\u00bbmk-moon-contract\u00a0\u00bb title=\u00a0\u00bbContr\u00f4les de Qualit\u00e9 dans les Processus de Production conform\u00e9ment aux normes europ\u00e9ennes\u00a0\u00bb font_weight=\u00a0\u00bbbold\u00a0\u00bb icon_size=\u00a0\u00bbmedium\u00a0\u00bb icon_color=\u00a0\u00bb#2e8e29&Prime; icon_circle_color=\u00a0\u00bb\u00a0\u00bb title_color=\u00a0\u00bb#080335&Prime; margin=\u00a0\u00bb10&Prime;][\/mk_icon_box][\/vc_column][vc_column width=\u00a0\u00bb1\/2&Prime;][vc_column_text css=\u00a0\u00bb.vc_custom_1519054599878{margin-bottom: 0px !important;}\u00a0\u00bb]Nous disposons d&rsquo;un syst\u00e8me de d\u00e9compression du m\u00e9langeur, d&rsquo;un m\u00e9langeur mod\u00e8le SB1H900T, de silos, d&rsquo;une balance de remplissage de soupape BESV-8, d&rsquo;un ensacheuse automatique et d&rsquo;une bande transporteuse de sacs. L&rsquo;ensemble de palettisation robotis\u00e9e comprend: un chemin de collecte, une base plus un robot Kuka KR-120 avec griffe de sac, 2 stations de palettisation, des cl\u00f4tures et des barri\u00e8res de s\u00e9curit\u00e9 et une unit\u00e9 de programmation en mosa\u00efque.[\/vc_column_text][\/vc_column][\/mk_page_section][mk_page_section padding_bottom=\u00a0\u00bb0&Prime; sidebar=\u00a0\u00bbsidebar-1&Prime;][vc_column width=\u00a0\u00bb1\/2&Prime;][mk_image src=\u00a0\u00bbhttps:\/\/grupoevita.com\/wp-content\/uploads\/2019\/06\/fabrica-5.jpg\u00a0\u00bb image_size=\u00a0\u00bbfull\u00a0\u00bb align=\u00a0\u00bbcenter\u00a0\u00bb][\/vc_column][vc_column width=\u00a0\u00bb1\/2&Prime;][vc_row_inner][vc_column_inner width=\u00a0\u00bb1\/2&Prime; css=\u00a0\u00bb.vc_custom_1517246078804{padding-right: 1% !important;padding-left: 0px !important;}\u00a0\u00bb][mk_image src=\u00a0\u00bbhttps:\/\/grupoevita.com\/wp-content\/uploads\/2019\/06\/fabrica-2.jpg\u00a0\u00bb image_size=\u00a0\u00bbfull\u00a0\u00bb align=\u00a0\u00bbcenter\u00a0\u00bb][\/vc_column_inner][vc_column_inner width=\u00a0\u00bb1\/2&Prime; css=\u00a0\u00bb.vc_custom_1517246095699{padding-right: 0px !important;padding-left: 1% !important;}\u00a0\u00bb][mk_image src=\u00a0\u00bbhttps:\/\/grupoevita.com\/wp-content\/uploads\/2019\/06\/fabrica-4.jpeg\u00a0\u00bb image_size=\u00a0\u00bbfull\u00a0\u00bb align=\u00a0\u00bbcenter\u00a0\u00bb][\/vc_column_inner][\/vc_row_inner][mk_image src=\u00a0\u00bbhttps:\/\/grupoevita.com\/wp-content\/uploads\/2019\/06\/fabrica-3.jpg\u00a0\u00bb image_size=\u00a0\u00bbfull\u00a0\u00bb align=\u00a0\u00bbcenter\u00a0\u00bb][\/vc_column][\/mk_page_section][mk_page_section padding_top=\u00a0\u00bb0&Prime; sidebar=\u00a0\u00bbsidebar-1&Prime;][vc_column width=\u00a0\u00bb1\/2&Prime;][mk_image src=\u00a0\u00bbhttps:\/\/grupoevita.com\/wp-content\/uploads\/2019\/06\/fabrica.jpg\u00a0\u00bb image_size=\u00a0\u00bbfull\u00a0\u00bb align=\u00a0\u00bbcenter\u00a0\u00bb][\/vc_column][vc_column width=\u00a0\u00bb1\/2&Prime;][mk_image src=\u00a0\u00bbhttps:\/\/grupoevita.com\/wp-content\/uploads\/2019\/06\/fabrica-6.jpg\u00a0\u00bb image_size=\u00a0\u00bbfull\u00a0\u00bb align=\u00a0\u00bbcenter\u00a0\u00bb][\/vc_column][\/mk_page_section][mk_page_section margin_bottom=\u00a0\u00bb40&Prime; sidebar=\u00a0\u00bbsidebar-1&Prime;][vc_column][mk_divider style=\u00a0\u00bbthin_solid\u00a0\u00bb thin_single_color=\u00a0\u00bb#080335&Prime; thickness=\u00a0\u00bb3&Prime;][\/vc_column][vc_column width=\u00a0\u00bb1\/3&Prime;][vc_row_inner css=\u00a0\u00bb.vc_custom_1517247040341{padding-top: 4% !important;padding-right: 2% !important;padding-bottom: 3% !important;padding-left: 2% !important;background-color: #f3f2f7 !important;}\u00a0\u00bb][vc_column_inner][mk_icon_box icon=\u00a0\u00bbmk-icon-map-marker\u00a0\u00bb title=\u00a0\u00bbGuin\u00e9e \u00c9quatoriale\u00a0\u00bb font_weight=\u00a0\u00bbbold\u00a0\u00bb icon_size=\u00a0\u00bbmedium\u00a0\u00bb icon_color=\u00a0\u00bb#2e8e29&Prime; icon_circle_color=\u00a0\u00bb\u00a0\u00bb title_color=\u00a0\u00bb#080335&Prime; margin=\u00a0\u00bb10&Prime;][\/mk_icon_box][mk_icon_box icon=\u00a0\u00bbmk-icon-arrow-circle-o-right\u00a0\u00bb title=\u00a0\u00bbSitu\u00e9 dans &#8230;\u00a0\u00bb text_size=\u00a0\u00bb14&Prime; font_weight=\u00a0\u00bbbold\u00a0\u00bb icon_size=\u00a0\u00bbmedium\u00a0\u00bb icon_color=\u00a0\u00bb#2e8e29&Prime; icon_circle_color=\u00a0\u00bb\u00a0\u00bb title_color=\u00a0\u00bb#080335&Prime; margin=\u00a0\u00bb10&Prime;]la r\u00e9gion \u00e9quatoriale de l&rsquo;Afrique[\/mk_icon_box][mk_icon_box icon=\u00a0\u00bbmk-icon-arrow-circle-o-right\u00a0\u00bb title=\u00a0\u00bbTerritoire &#8230;\u00a0\u00bb text_size=\u00a0\u00bb14&Prime; font_weight=\u00a0\u00bbbold\u00a0\u00bb icon_size=\u00a0\u00bbmedium\u00a0\u00bb icon_color=\u00a0\u00bb#2e8e29&Prime; icon_circle_color=\u00a0\u00bb\u00a0\u00bb title_color=\u00a0\u00bb#080335&Prime; margin=\u00a0\u00bb10&Prime;]Continental 26.017 km\u00b2 et insulaire 2.034 km\u00b2[\/mk_icon_box][mk_icon_box icon=\u00a0\u00bbmk-icon-arrow-circle-o-right\u00a0\u00bb title=\u00a0\u00bbLimite &#8230;\u00a0\u00bb text_size=\u00a0\u00bb14&Prime; font_weight=\u00a0\u00bbbold\u00a0\u00bb icon_size=\u00a0\u00bbmedium\u00a0\u00bb icon_color=\u00a0\u00bb#2e8e29&Prime; icon_circle_color=\u00a0\u00bb\u00a0\u00bb title_color=\u00a0\u00bb#080335&Prime; margin=\u00a0\u00bb10&Prime;]au Nord avec le Cameroun, \u00e0 l\u2019est et au sud avec le Gabon et \u00e0 l\u2019ouest avec l&rsquo;Oc\u00e9an Atlantique [\/mk_icon_box][mk_icon_box icon=\u00a0\u00bbmk-icon-arrow-circle-o-right\u00a0\u00bb title=\u00a0\u00bb\u00celes &#8230;\u00a0\u00bb text_size=\u00a0\u00bb14&Prime; font_weight=\u00a0\u00bbbold\u00a0\u00bb icon_size=\u00a0\u00bbmedium\u00a0\u00bb icon_color=\u00a0\u00bb#2e8e29&Prime; icon_circle_color=\u00a0\u00bb\u00a0\u00bb title_color=\u00a0\u00bb#080335&Prime; margin=\u00a0\u00bb10&Prime;]Annobon, Corisco, Elobey Grande, Elobey Chico et l\u2019\u00eele de Bioko, o\u00f9 se trouve la capital , Malabo [\/mk_icon_box][\/vc_column_inner][\/vc_row_inner][\/vc_column][vc_column width=\u00a0\u00bb2\/3&Prime;][vc_column_text css=\u00a0\u00bb.vc_custom_1519054613446{margin-bottom: 0px !important;}\u00a0\u00bb]\n<h4>O\u00f9 nous en sommes?<\/h4>\n[\/vc_column_text]<div class=\"ult-spacer spacer-69e73a4211dcb\" data-id=\"69e73a4211dcb\" data-height=\"20\" data-height-mobile=\"20\" data-height-tab=\"20\" data-height-tab-portrait=\"\" data-height-mobile-landscape=\"\" style=\"clear:both;display:block;\"><\/div>[vc_column_text css=\u00a0\u00bb.vc_custom_1519054671688{margin-bottom: 0px !important;}\u00a0\u00bb]La r\u00e9gion continentale de la Guin\u00e9e \u00c9quatoriale englobe une frange c\u00f4ti\u00e8re plate qui devient vallon\u00e9 vers l&rsquo;int\u00e9rieur, o\u00f9 se trouve une s\u00e9rie de cha\u00eenes de montagnes appel\u00e9es \u00ab\u00a0Des Sept Montagnes\u00a0\u00bb. La terre est doucement vallonn\u00e9e et couverte par une v\u00e9g\u00e9tation sauvage. Environ 60% de la surface appartient au bassin de la rivi\u00e8re Mbini. La fronti\u00e8re de la r\u00e9gion continental vers le nord est la fronti\u00e8re entre le Cameroun et la Guin\u00e9e \u00c9quatoriale.<\/p>\n<p>Pour la partie sud, le limite est la fronti\u00e8re entre le Gabon et la Guin\u00e9e \u00c9quatoriale. L&rsquo;\u00eele la plus importante est Bioko (2 017 km\u00b2) et est situ\u00e9e au nord de la region continental, \u00e0 40 kilom\u00e8tres de la c\u00f4te du Cameroun, dans la baie de Bonny (Biafra), une partie du golfe de Guin\u00e9e. L&rsquo;\u00eele, d&rsquo;origine volcanique, est montagneuse et tr\u00e8s bois\u00e9e, avec une c\u00f4te escarp\u00e9e et rocheuse (195 km) et dispose de deux excellents ports \u00e0 Malabo et \u00e0 Luba. Sa hauteur maximale est le Pico Basil\u00e9 (3 007 m\u00e8tres).[\/vc_column_text][mk_image src=\u00a0\u00bbhttp:\/\/grupoevita.com\/wp-content\/uploads\/2018\/01\/guinea-ecuatorial-bandera.jpg\u00a0\u00bb image_size=\u00a0\u00bbfull\u00a0\u00bb align=\u00a0\u00bbcenter\u00a0\u00bb][\/vc_column][\/mk_page_section]\n","protected":false},"excerpt":{"rendered":"<p>[mk_page_section bg_image=\u00a0\u00bbhttp:\/\/grupoevita.com\/wp-content\/uploads\/2018\/01\/cabecera-nosotros.jpg\u00a0\u00bb bg_repeat=\u00a0\u00bbno-repeat\u00a0\u00bb bg_stretch=\u00a0\u00bbtrue\u00a0\u00bb sidebar=\u00a0\u00bbsidebar-1&Prime;][vc_column width=\u00a0\u00bb1\/3&Prime;][vc_row_inner visibility=\u00a0\u00bbvisible-dt\u00a0\u00bb css=\u00a0\u00bb.vc_custom_1517242925131{padding-top: 2% !important;background-color: rgba(46,142,41,0.7) !important;*background-color: rgb(46,142,41) !important;}\u00a0\u00bb][vc_column_inner][vc_column_text css=\u00a0\u00bb.vc_custom_1519054324696{margin-bottom: 0px !important;}\u00a0\u00bb] Pr\u00e8s de Nous [\/vc_column_text][\/vc_column_inner][\/vc_row_inner][\/vc_column][vc_column width=\u00a0\u00bb2\/3&Prime;][\/vc_column][\/mk_page_section][mk_page_section padding_top=\u00a0\u00bb40&Prime; sidebar=\u00a0\u00bbsidebar-1&Prime;][vc_column width=\u00a0\u00bb3\/4&Prime; css=\u00a0\u00bb.vc_custom_1517243538226{margin-bottom: 0px !important;padding-bottom: 0px !important;}\u00a0\u00bb][mk_divider style=\u00a0\u00bbthin_solid\u00a0\u00bb thin_single_color=\u00a0\u00bb#080335&Prime; thickness=\u00a0\u00bb3&Prime;][vc_column_text css=\u00a0\u00bb.vc_custom_1519054344879{margin-bottom: 0px !important;}\u00a0\u00bb] Groupe Evita Le meilleur ciment sur le march\u00e9 [\/vc_column_text][vc_column_text css=\u00a0\u00bb.vc_custom_1519054363592{margin-bottom: 0px !important;padding-bottom: 0px !important;}\u00a0\u00bb]GRUPO EVITA est n\u00e9 en 2009, [&hellip;]<\/p>\n","protected":false},"author":1,"featured_media":0,"parent":0,"menu_order":0,"comment_status":"closed","ping_status":"closed","template":"","meta":{"footnotes":""},"class_list":["post-841","page","type-page","status-publish","hentry"],"_links":{"self":[{"href":"https:\/\/grupoevita.com\/fr\/wp-json\/wp\/v2\/pages\/841","targetHints":{"allow":["GET"]}}],"collection":[{"href":"https:\/\/grupoevita.com\/fr\/wp-json\/wp\/v2\/pages"}],"about":[{"href":"https:\/\/grupoevita.com\/fr\/wp-json\/wp\/v2\/types\/page"}],"author":[{"embeddable":true,"href":"https:\/\/grupoevita.com\/fr\/wp-json\/wp\/v2\/users\/1"}],"replies":[{"embeddable":true,"href":"https:\/\/grupoevita.com\/fr\/wp-json\/wp\/v2\/comments?post=841"}],"version-history":[{"count":4,"href":"https:\/\/grupoevita.com\/fr\/wp-json\/wp\/v2\/pages\/841\/revisions"}],"predecessor-version":[{"id":1391,"href":"https:\/\/grupoevita.com\/fr\/wp-json\/wp\/v2\/pages\/841\/revisions\/1391"}],"wp:attachment":[{"href":"https:\/\/grupoevita.com\/fr\/wp-json\/wp\/v2\/media?parent=841"}],"curies":[{"name":"wp","href":"https:\/\/api.w.org\/{rel}","templated":true}]}}