{"id":1680,"date":"2022-09-12T09:11:26","date_gmt":"2022-09-12T09:11:26","guid":{"rendered":"https:\/\/grupoevita.com\/?page_id=1680"},"modified":"2022-09-12T09:11:26","modified_gmt":"2022-09-12T09:11:26","slug":"bases-legales-del-sorteo-2022","status":"publish","type":"page","link":"https:\/\/grupoevita.com\/fr\/bases-legales-del-sorteo-2022\/","title":{"rendered":"BASES LEGALES DEL SORTEO 2022"},"content":{"rendered":"<p><b>BASES LEGALES DEL SORTEO 2022<\/b><\/p>\n<p>&nbsp;<\/p>\n<p>&nbsp;<\/p>\n<ul>\n<li aria-level=\"1\"><b>EMPRESA ORGANIZADORA DEL SORTEO<span style=\"font-weight: 400;\">: la empresa GRUPO EVITA con el CIF 00858GE-19 y cede en Guinea Ecuatorial; con el fin de premiar y celebrar la confianza de sus clientes, organiza un sorteo de \u00e1mbito nacional para todos aquel que adquiere alguno de sus productos fabricados en Guinea Ecuatorial.<\/span><\/b><\/li>\n<\/ul>\n<p>&nbsp;<\/p>\n<ul>\n<li style=\"font-weight: 400;\" aria-level=\"1\"><span style=\"font-weight: 400;\">Cemento Cola EVITACOL<\/span><\/li>\n<li style=\"font-weight: 400;\" aria-level=\"1\"><span style=\"font-weight: 400;\">Pintura EVITA DECOR<\/span><\/li>\n<li style=\"font-weight: 400;\" aria-level=\"1\"><span style=\"font-weight: 400;\">Escayola GOLDEN PLASTER<\/span><\/li>\n<li style=\"font-weight: 400;\" aria-level=\"1\"><span style=\"font-weight: 400;\">Esparto GOLDEN PLASTER<\/span><\/li>\n<\/ul>\n<p>&nbsp;<\/p>\n<p>&nbsp;<\/p>\n<ul>\n<li aria-level=\"1\"><b>FECHA DE INICIO Y FINALIZACI\u00d3N<span style=\"font-weight: 400;\">: El sorteo dar\u00e1 comienzo el 11 de agosto hasta diciembre 2022; los d\u00edas en que se anuncian los premios ser\u00e1n los d\u00edas 15 y 30 de cada mes.<\/span><\/b><\/li>\n<\/ul>\n<p>&nbsp;<\/p>\n<p>&nbsp;<\/p>\n<p>&nbsp;<\/p>\n<ul>\n<li aria-level=\"1\"><b>\u00c1MBITO GEOGR\u00c1FICO<span style=\"font-weight: 400;\">: Tienen derecho a participar al sorteo todo cliente que realicen su compra en el territorio nacional tanto en nuestra ferreter\u00eda como pedidos en linea.<\/span><\/b><\/li>\n<\/ul>\n<p>&nbsp;<\/p>\n<p>&nbsp;<\/p>\n<p>&nbsp;<\/p>\n<ul>\n<li aria-level=\"1\"><b>MEC\u00c1NICA Y CONDICIONES DE PARTICIPACI\u00d3N: <span style=\"font-weight: 400;\">Los requisitos de participaci\u00f3n ser\u00e1n los siguientes:\u00a0<\/span><\/b><\/li>\n<\/ul>\n<p>&nbsp;<\/p>\n<ul>\n<li style=\"font-weight: 400;\" aria-level=\"1\"><span style=\"font-weight: 400;\">Haber realizado una compra con importe total m\u00ednimo de <\/span><b>150.000FCFA<\/b><span style=\"font-weight: 400;\"> si eres mayorista; y una compra m\u00ednima de <\/span><b>50.000FCFA<\/b><span style=\"font-weight: 400;\"> si eres un particular o profesional del sector de la construcci\u00f3n.<\/span><\/li>\n<\/ul>\n<p>&nbsp;<\/p>\n<ul>\n<li style=\"font-weight: 400;\" aria-level=\"1\"><span style=\"font-weight: 400;\">Seguir las cuentas de la empresa en las redes sociales y compartir la publicaci\u00f3n del sorteo.\u00a0<\/span><\/li>\n<\/ul>\n<p>&nbsp;<\/p>\n<p>&nbsp;<\/p>\n<ul>\n<li aria-level=\"1\"><b>TIPOS DE PARTICIPANTES<\/b><\/li>\n<\/ul>\n<p>&nbsp;<\/p>\n<ul>\n<li style=\"font-weight: 400;\" aria-level=\"1\"><span style=\"font-weight: 400;\">Modalidad 1:<\/span><span style=\"font-weight: 400;\"> Clientes particulares y profesionales<\/span><\/li>\n<li style=\"font-weight: 400;\" aria-level=\"1\"><span style=\"font-weight: 400;\">Modalidad 2<\/span><span style=\"font-weight: 400;\">: Clientes mayoristas (ferreter\u00edas y grandes obras)<\/span><\/li>\n<\/ul>\n<p>&nbsp;<\/p>\n<p>&nbsp;<\/p>\n<ul>\n<li aria-level=\"1\"><b>PREMIOS<\/b><\/li>\n<\/ul>\n<p>&nbsp;<\/p>\n<p><b>MODALIDAD 1\u00a0<\/b><\/p>\n<ul>\n<li style=\"font-weight: 400;\" aria-level=\"1\"><b><i>Primer premio:<\/i><\/b><span style=\"font-weight: 400;\"> Un fin de semana en alguno de estos hoteles <\/span><b>Djiblho, El retiro de Riaba o Colinas, <\/b><span style=\"font-weight: 400;\">seg\u00fan la preferencia del ganador con los gastos de alojamiento y desayuno durante la estancia en el hotel pagados<\/span><i><span style=\"font-weight: 400;\">.\u00a0<\/span><\/i><\/li>\n<\/ul>\n<p>&nbsp;<\/p>\n<ul>\n<li style=\"font-weight: 400;\" aria-level=\"1\"><b><i>Segundo premio<\/i><\/b><span style=\"font-weight: 400;\">: Una noche de hotel en alguno de estos hoteles <\/span><b>Djiblho, El retiro de Riaba o Colinas, <\/b><span style=\"font-weight: 400;\">seg\u00fan la preferencia del ganador con los gastos de alojamiento y desayuno durante la estancia en el hotel pagados<\/span><i><span style=\"font-weight: 400;\">.\u00a0<\/span><\/i><\/li>\n<\/ul>\n<p>&nbsp;<\/p>\n<p><b>MODALIDAD 2<\/b><\/p>\n<ul>\n<li style=\"font-weight: 400;\" aria-level=\"1\"><b><i>Primer premio<\/i><\/b><span style=\"font-weight: 400;\">: Un bono 100.000 XAF que se utilizar\u00e1 para comprar material de ferreter\u00eda en nuestra ferreter\u00eda.<\/span><\/li>\n<\/ul>\n<p>&nbsp;<\/p>\n<ul>\n<li style=\"font-weight: 400;\" aria-level=\"1\"><b><i>Segundo premio<\/i><\/b><span style=\"font-weight: 400;\">: Un lote de material de ferreter\u00eda valorado en 70.000FCFA y compuesto por<\/span><\/li>\n<\/ul>\n<ul>\n<li style=\"font-weight: 400;\" aria-level=\"1\"><span style=\"font-weight: 400;\">1 par de botas de seguridad.<\/span><\/li>\n<li style=\"font-weight: 400;\" aria-level=\"1\"><span style=\"font-weight: 400;\">1 par de botas de agua.<\/span><\/li>\n<li style=\"font-weight: 400;\" aria-level=\"1\"><span style=\"font-weight: 400;\">6 cascos de obras (3 blancos y 3 azules)<\/span><\/li>\n<li style=\"font-weight: 400;\" aria-level=\"1\"><span style=\"font-weight: 400;\">6 cintas m\u00e9tricas (2 de 3m, 2 de 5m y 2 de 8 m).<\/span><\/li>\n<\/ul>\n<p>&nbsp;<\/p>\n<p>&nbsp;<\/p>\n<ul>\n<li aria-level=\"1\"><b>CONDICIONES DEL SORTEO:\u00a0<\/b><\/li>\n<\/ul>\n<p>&nbsp;<\/p>\n<ul>\n<li style=\"font-weight: 400;\" aria-level=\"1\"><span style=\"font-weight: 400;\">Los clientes que compren tendr\u00e1n un ID identificador que permitir\u00e1 introducirle al sorteo, el ID se utilizar\u00e1 para identificarles (nombre\/contacto\/direcci\u00f3n\/importe de compra).<\/span><\/li>\n<\/ul>\n<p>&nbsp;<\/p>\n<ul>\n<li style=\"font-weight: 400;\" aria-level=\"1\"><span style=\"font-weight: 400;\">Al realizar la compra superior al importe m\u00ednimo estipulado, el cliente entra autom\u00e1ticamente en el sorteo con posibilidad de ganar alguno de los premios establecidos. Al acceder a participar en el sorteo<\/span> <span style=\"font-weight: 400;\">acepta el tratamiento de sus datos con la finalidad de recibir comunicaciones comerciales u otras promociones de la empresa.<\/span><\/li>\n<\/ul>\n<p>&nbsp;<\/p>\n<ul>\n<li style=\"font-weight: 400;\" aria-level=\"1\"><span style=\"font-weight: 400;\">No son legibles a este sorteo los clientes que hagan una compra con forma de pago a plazos o tengan un cr\u00e9dito pendiente.\u00a0<\/span><\/li>\n<\/ul>\n<p>&nbsp;<\/p>\n<ul>\n<li style=\"font-weight: 400;\" aria-level=\"1\"><span style=\"font-weight: 400;\">El ganador se encarga de su propio transporte al hotel elegido.<\/span><\/li>\n<\/ul>\n<p>&nbsp;<\/p>\n<ul>\n<li style=\"font-weight: 400;\" aria-level=\"1\"><span style=\"font-weight: 400;\">Los ganadores de primer premio en cada modalidad pueden elegir cambiar el tipo de premio.<\/span><\/li>\n<\/ul>\n<p>&nbsp;<\/p>\n<ul>\n<li style=\"font-weight: 400;\" aria-level=\"1\"><span style=\"font-weight: 400;\">Se contactar\u00e1 al ganador por tel\u00e9fono para informarle que ha ganado el premio y de no poder contactarle, se har\u00e1 uno de los otros n\u00fameros de tel\u00e9fono que ha proporcionado; adem\u00e1s de publicarlo en las redes sociales.\u00a0<\/span><\/li>\n<\/ul>\n<p>&nbsp;<\/p>\n<ul>\n<li style=\"font-weight: 400;\" aria-level=\"1\"><span style=\"font-weight: 400;\">La selecci\u00f3n de los ganadores y los suplentes en caso de no poder contactar con los ganadores se realizar\u00e1 de forma aleatoria.<\/span><\/li>\n<\/ul>\n<p>&nbsp;<\/p>\n<ul>\n<li style=\"font-weight: 400;\" aria-level=\"1\"><span style=\"font-weight: 400;\">Se publicar\u00e1 en las redes sociales de la empresa al ganador con im\u00e1genes del premio ganado.\u00a0<\/span><\/li>\n<\/ul>\n<p>&nbsp;<\/p>\n<ul>\n<li style=\"font-weight: 400;\" aria-level=\"1\"><span style=\"font-weight: 400;\">Los ganadores recibir\u00e1n sus premios en la ferreter\u00eda del GRUPO EVITA ubicado en Buena Esperanza 1.\u00a0<\/span><\/li>\n<\/ul>\n<p>&nbsp;<\/p>\n<p>&nbsp;<\/p>\n<ul>\n<li aria-level=\"1\"><b>SELECCI\u00d3N DEL GANADOR.<\/b><\/li>\n<\/ul>\n<p>&nbsp;<\/p>\n<p><span style=\"font-weight: 400;\">Los ganadores se elegir\u00e1n aleatoriamente a trav\u00e9s de trav\u00e9s de las siguientes herramientas digitales\u00a0 <\/span><a href=\"https:\/\/www.sortea2.com\/sorteos\"><span style=\"font-weight: 400;\">https:\/\/www.sortea2.com\/sorteos<\/span><\/a><span style=\"font-weight: 400;\">\u00a0 o <\/span><a href=\"https:\/\/app-sorteos.com\/es\/apps\/sorteados\"><span style=\"font-weight: 400;\">https:\/\/app-sorteos.com\/es\/apps\/sorteados<\/span><\/a><span style=\"font-weight: 400;\">\u00a0<\/span><\/p>\n<p>&nbsp;<\/p>\n<p>&nbsp;<\/p>\n<ul>\n<li aria-level=\"1\"><b>PENALIZACIONES Y DESCALIFICACIONES<\/b><\/li>\n<\/ul>\n<p>&nbsp;<\/p>\n<p><span style=\"font-weight: 400;\">Ante casos de conducta fraudulenta de alguno de los ganadores, estos perder\u00e1n autom\u00e1ticamente su derecho al premio, se reelegir\u00e1 a otro ganador aleatoriamente de entre los suplentes.\u00a0<\/span><\/p>\n","protected":false},"excerpt":{"rendered":"<p>BASES LEGALES DEL SORTEO 2022 &nbsp; &nbsp; EMPRESA ORGANIZADORA DEL SORTEO: la empresa GRUPO EVITA con el CIF 00858GE-19 y cede en Guinea Ecuatorial; con el fin de premiar y celebrar la confianza de sus clientes, organiza un sorteo de \u00e1mbito nacional para todos aquel que adquiere alguno de sus productos fabricados en Guinea Ecuatorial. [&hellip;]<\/p>\n","protected":false},"author":1,"featured_media":0,"parent":0,"menu_order":0,"comment_status":"closed","ping_status":"closed","template":"","meta":{"footnotes":""},"class_list":["post-1680","page","type-page","status-publish","hentry"],"_links":{"self":[{"href":"https:\/\/grupoevita.com\/fr\/wp-json\/wp\/v2\/pages\/1680","targetHints":{"allow":["GET"]}}],"collection":[{"href":"https:\/\/grupoevita.com\/fr\/wp-json\/wp\/v2\/pages"}],"about":[{"href":"https:\/\/grupoevita.com\/fr\/wp-json\/wp\/v2\/types\/page"}],"author":[{"embeddable":true,"href":"https:\/\/grupoevita.com\/fr\/wp-json\/wp\/v2\/users\/1"}],"replies":[{"embeddable":true,"href":"https:\/\/grupoevita.com\/fr\/wp-json\/wp\/v2\/comments?post=1680"}],"version-history":[{"count":1,"href":"https:\/\/grupoevita.com\/fr\/wp-json\/wp\/v2\/pages\/1680\/revisions"}],"predecessor-version":[{"id":1681,"href":"https:\/\/grupoevita.com\/fr\/wp-json\/wp\/v2\/pages\/1680\/revisions\/1681"}],"wp:attachment":[{"href":"https:\/\/grupoevita.com\/fr\/wp-json\/wp\/v2\/media?parent=1680"}],"curies":[{"name":"wp","href":"https:\/\/api.w.org\/{rel}","templated":true}]}}